 

{"id":5698,"date":"2015-01-13T11:32:02","date_gmt":"2015-01-13T09:32:02","guid":{"rendered":"https:\/\/kauppa.ursa.fi\/kauppa\/tuote\/sky-watcher-polar-illuminator-eq5-ja-eq3-jalustoihin\/"},"modified":"2026-04-02T12:52:47","modified_gmt":"2026-04-02T09:52:47","slug":"sky-watcher-polar-illuminator-eq5-ja-eq3-jalustoihin","status":"publish","type":"product","link":"https:\/\/kauppa.ursa.fi\/kauppa\/tuote\/sky-watcher-polar-illuminator-eq5-ja-eq3-jalustoihin\/","title":{"rendered":"Sky-Watcher Polar Illuminator EQ5- ja EQ3-jalustoihin"},"content":{"rendered":"<p>Valosaasteettomassa paikassa napat\u00e4ht\u00e4imen t\u00e4ht\u00e4inkuvio on vaikeasti n\u00e4ht\u00e4viss\u00e4. Napat\u00e4ht\u00e4imen valaisin valaisee t\u00e4ht\u00e4inkuviota, jolloin se erottuu selv\u00e4sti. Kohdistust\u00e4hdet eiv\u00e4t kuitenkaan peity valon alle. Valaisimen avulla Pohjant\u00e4hden asettaminen t\u00e4ht\u00e4imen keskelle on helppoa ja nopeaa<\/p>\n<p>Napat\u00e4ht\u00e4imen valaisimen voimakkuus on s\u00e4\u00e4dett\u00e4viss\u00e4 portaattomasti. Valaisin hohtaa punaista valoa, joka ei h\u00e4iritse h\u00e4m\u00e4r\u00e4n\u00e4k\u00f6\u00e4.<\/p>\n","protected":false},"excerpt":{"rendered":"<p>Napat\u00e4ht\u00e4imen valaisin Sky-Watcherin EQ3- ja EQ5-jalustoihin.<\/p>\n","protected":false},"featured_media":10493,"comment_status":"open","ping_status":"closed","template":"","meta":[],"product_brand":[],"product_cat":[16],"product_tag":[],"class_list":{"0":"post-5698","1":"product","2":"type-product","3":"status-publish","4":"has-post-thumbnail","6":"product_cat-lisavarusteet","7":"product_shipping_class-lisavaruste","8":"pa_hintavaihtoehdot-jasenhinta","9":"pa_hintavaihtoehdot-suositushinta","10":"pa_tekija-sky-watcher","11":"pa_valmistaja-skywatcher","13":"first","14":"outofstock","15":"taxable","16":"shipping-taxable","17":"purchasable","18":"product-type-variable"},"exclude_global_add_ons":[],"addons":[],"_links":{"self":[{"href":"https:\/\/kauppa.ursa.fi\/kauppa\/wp-json\/wp\/v2\/product\/5698","targetHints":{"allow":["GET"]}}],"collection":[{"href":"https:\/\/kauppa.ursa.fi\/kauppa\/wp-json\/wp\/v2\/product"}],"about":[{"href":"https:\/\/kauppa.ursa.fi\/kauppa\/wp-json\/wp\/v2\/types\/product"}],"replies":[{"embeddable":true,"href":"https:\/\/kauppa.ursa.fi\/kauppa\/wp-json\/wp\/v2\/comments?post=5698"}],"wp:featuredmedia":[{"embeddable":true,"href":"https:\/\/kauppa.ursa.fi\/kauppa\/wp-json\/wp\/v2\/media\/10493"}],"wp:attachment":[{"href":"https:\/\/kauppa.ursa.fi\/kauppa\/wp-json\/wp\/v2\/media?parent=5698"}],"wp:term":[{"taxonomy":"product_brand","embeddable":true,"href":"https:\/\/kauppa.ursa.fi\/kauppa\/wp-json\/wp\/v2\/product_brand?post=5698"},{"taxonomy":"product_cat","embeddable":true,"href":"https:\/\/kauppa.ursa.fi\/kauppa\/wp-json\/wp\/v2\/product_cat?post=5698"},{"taxonomy":"product_tag","embeddable":true,"href":"https:\/\/kauppa.ursa.fi\/kauppa\/wp-json\/wp\/v2\/product_tag?post=5698"}],"curies":[{"name":"wp","href":"https:\/\/api.w.org\/{rel}","templated":true}]}}