 

{"id":60916,"date":"2022-02-11T14:22:10","date_gmt":"2022-02-11T12:22:10","guid":{"rendered":"https:\/\/kauppa.ursa.fi\/kauppa\/?post_type=product&#038;p=60916"},"modified":"2023-09-25T10:32:37","modified_gmt":"2023-09-25T07:32:37","slug":"vanhin-tiede-pdf","status":"publish","type":"product","link":"https:\/\/kauppa.ursa.fi\/kauppa\/tuote\/vanhin-tiede-pdf\/","title":{"rendered":"Vanhin tiede (pdf)"},"content":{"rendered":"<p><span style=\"color: #3366ff;\"><strong>Huom!<\/strong> Kyseess\u00e4 on ladattava s\u00e4hk\u00f6kirja (pdf-tiedosto).<\/span><\/p>\n<p><span style=\"color: #3366ff;\">Lis\u00e4\u00e4 tuote ostoskoriin ja suorita ostoprosessi loppuun.<\/span><br \/>\n<span style=\"color: #3366ff;\"><strong>Latauslinkki tulee n\u00e4kyviin Tilaus vastaanotettu -sivulle, ja saat sen my\u00f6s s\u00e4hk\u00f6postiisi tilausvahvistuksen mukana<\/strong>.<\/span><br \/>\n<span style=\"color: #3366ff;\">Latauslinkki vanhenee 90 p\u00e4iv\u00e4n kuluttua ostosta.<\/span><\/p>\n<hr \/>\n<p>FT Hannu Karttusen teoksessa t\u00e4htitieteen historiaa ei k\u00e4sitell\u00e4 tiukan kronologisesti, vaan haastaen lukijan ajattelemaan, yksitt\u00e4isten s\u00e4ikeiden kehittymist\u00e4 seuraten. T\u00e4ll\u00f6in etusijalle nousevat asiat, eiv\u00e4t ihmiset. Historia ja nykyp\u00e4iv\u00e4 rinnastuvat kiintoisalla ja humoristisellakin tavalla: tulosvastaavuus ei ole vain meid\u00e4n aikamme ongelma, vaan se pys\u00e4ytti jo egyptil\u00e4isen tieteen alkeisgeometrian tasolle.<\/p>\n<p>Teoksen l\u00e4ht\u00f6kohtana ovat olleet t\u00e4htitieteen historiaan liittyvien v\u00e4\u00e4rink\u00e4sitysten selvittely. Niiden ohella Karttunen piirt\u00e4\u00e4 eteemme kuvan koko t\u00e4htitieteest\u00e4 sen historian kautta &#8211; ensimm\u00e4ist\u00e4 kertaa Suomeksi.<\/p>\n<h3>Vanhin tiede voitti Tieto-Finlandia-palkinnon<\/h3>\n<p>Hannu Karttunen vastaanotti Tieto-Finlandia-palkinnon 15.1.1998 Ursan julkaisemasta teoksestaan Vanhin tiede &#8211; t\u00e4htitiedett\u00e4 kivikaudesta kuulentoihin. Suomen kirjas\u00e4\u00e4ti\u00f6n kymmenennen kerran jakama palkinto on suuruudeltaan 150 000 mk.<\/p>\n<h3>Valtion tiedonjulkistamispalkinto Hannu Karttuselle<\/h3>\n<p>Hannu Karttunen vastaanotti valtion tiedonjulkistamispalkinnon 9.4.1997 teoksestaan Vanhin tiede.<\/p>\n<p>&nbsp;<\/p>\n<p>Sis\u00e4lt\u00f6:<\/p>\n<p>1 Arkeoastronomiaa<br \/>\n2 Mesopotamian t\u00e4htitiede<br \/>\n3 Egyptin t\u00e4htitiede<br \/>\n4 Kreikan kukoistuksen kausi<br \/>\n5 Almagest<br \/>\n6 Intian Siddhantat<br \/>\n7 Kiinan t\u00e4htitiede<br \/>\n8 Keskiaika<br \/>\n9 Intiaanien t\u00e4htitiede<br \/>\n10 Kopernikaaninen vallankumous<br \/>\n11 Taivaallinen kellokoneisto<br \/>\n12 Maailmankaikkeuden mittasuhteet<br \/>\n13 Aurinkokunta<br \/>\n14 Astrofysiikka<br \/>\n15 Kosmologia<br \/>\n16 Havaitseva t\u00e4htitiede ennen kaukoputkia<br \/>\n17 Kaukoputken vaiheet<br \/>\n18 Mittalaitteet<br \/>\n19 N\u00e4kym\u00e4t\u00f6n maailmankaikkeus<br \/>\n20 Avaruustutkimus<br \/>\n21 Modernin fysiikan synty<br \/>\n22 Ajanlaskun pitk\u00e4 historia<br \/>\n23 T\u00e4htitaivaan nimist\u00f6<br \/>\n24 T\u00e4htitaivaan luettelointi ja kartoitus<br \/>\n25 Suomen t\u00e4htitiede<br \/>\n26 Henkil\u00f6it\u00e4<br \/>\n27 Observatorioita, laitoksia ja j\u00e4rjest\u00f6j\u00e4<\/p>\n","protected":false},"excerpt":{"rendered":"<p>T\u00e4htitieteen historian klassikko nyt saatavilla s\u00e4hk\u00f6isess\u00e4 muodossa pdf-tiedostona.<\/p>\n","protected":false},"featured_media":60921,"comment_status":"open","ping_status":"closed","template":"","meta":[],"product_brand":[],"product_cat":[6,8],"product_tag":[],"class_list":{"0":"post-60916","1":"product","2":"type-product","3":"status-publish","4":"has-post-thumbnail","6":"product_cat-kirjakauppa","7":"product_cat-tahtitiede","8":"product_shipping_class-kirjakauppa","9":"pa_alkuperainen-julkaisuvuosi-289","10":"pa_isbn-2232","12":"first","13":"instock","14":"downloadable","15":"virtual","16":"sold-individually","17":"taxable","18":"purchasable","19":"product-type-simple"},"exclude_global_add_ons":[],"addons":[],"_links":{"self":[{"href":"https:\/\/kauppa.ursa.fi\/kauppa\/wp-json\/wp\/v2\/product\/60916","targetHints":{"allow":["GET"]}}],"collection":[{"href":"https:\/\/kauppa.ursa.fi\/kauppa\/wp-json\/wp\/v2\/product"}],"about":[{"href":"https:\/\/kauppa.ursa.fi\/kauppa\/wp-json\/wp\/v2\/types\/product"}],"replies":[{"embeddable":true,"href":"https:\/\/kauppa.ursa.fi\/kauppa\/wp-json\/wp\/v2\/comments?post=60916"}],"wp:featuredmedia":[{"embeddable":true,"href":"https:\/\/kauppa.ursa.fi\/kauppa\/wp-json\/wp\/v2\/media\/60921"}],"wp:attachment":[{"href":"https:\/\/kauppa.ursa.fi\/kauppa\/wp-json\/wp\/v2\/media?parent=60916"}],"wp:term":[{"taxonomy":"product_brand","embeddable":true,"href":"https:\/\/kauppa.ursa.fi\/kauppa\/wp-json\/wp\/v2\/product_brand?post=60916"},{"taxonomy":"product_cat","embeddable":true,"href":"https:\/\/kauppa.ursa.fi\/kauppa\/wp-json\/wp\/v2\/product_cat?post=60916"},{"taxonomy":"product_tag","embeddable":true,"href":"https:\/\/kauppa.ursa.fi\/kauppa\/wp-json\/wp\/v2\/product_tag?post=60916"}],"curies":[{"name":"wp","href":"https:\/\/api.w.org\/{rel}","templated":true}]}}