 

{"id":6171,"date":"2015-05-25T13:14:26","date_gmt":"2015-05-25T10:14:26","guid":{"rendered":"https:\/\/kauppa.ursa.fi\/kauppa\/?post_type=product&#038;p=6171"},"modified":"2026-04-02T12:50:21","modified_gmt":"2026-04-02T09:50:21","slug":"aurinkosuodatin-baader-astf-200","status":"publish","type":"product","link":"https:\/\/kauppa.ursa.fi\/kauppa\/tuote\/aurinkosuodatin-baader-astf-200\/","title":{"rendered":"Aurinkosuodatin, Baader ASTF 200"},"content":{"rendered":"<p>Baaderin &#8221;AstroSolar Safety Film&#8221; suodatin auringon katseluun. T\u00e4m\u00e4 valmisrakenteinen suodatin on tarkoitettu kaukoputkille, joiden aukon halkaisija on noin 200 mm. Suodatinkalvon halkaisija on 200 mm. Suodatinkehys on metallinen. Suodatinkalvo on laadukasta AstroSolar-kalvoa. Suodatin heikent\u00e4\u00e4 Auringosta tulevaa valoa turvalliselle tasolle. Kalvon optinen paksuus on D=5,0. (Kuvissa ASTF 120 ja ASTF 160.)<\/p>\n<p>Suodatin soveltuu erinomaisesti k\u00e4ytett\u00e4v\u00e4ksi Sky-Watcher Skyliner-200 kaukoputken kanssa.<\/p>\n<p>ASTF-suodattimissa on enemm\u00e4n s\u00e4\u00e4t\u00f6varaa kuin ASSF-suodattimissa. T\u00e4m\u00e4 suodatin sopii seuraaville kaukoputkille:<br \/>\n&#8211; Newton-mallinen, jonka putken ulkohalkaisija on 220-260mm<br \/>\n&#8211; Newton-mallinen, jonka putken sis\u00e4halkaisija on 250-290mm<br \/>\n&#8211; Schmidt-linssill\u00e4 varustettu kaukoputki, jonka putken ulkohalkaisija on 220-260mm<br \/>\n&#8211; linssikaukoputki, jonka putken ulkohalkaisija on 220-260mm<\/p>\n","protected":false},"excerpt":{"rendered":"<p>Baaaderin ASTF 200 aurinkosuodatin 200 mm:n kaukoputkille.<\/p>\n","protected":false},"featured_media":10025,"comment_status":"open","ping_status":"closed","template":"","meta":[],"product_brand":[],"product_cat":[2063,16],"product_tag":[],"class_list":{"0":"post-6171","1":"product","2":"type-product","3":"status-publish","4":"has-post-thumbnail","6":"product_cat-auringonpimennys","7":"product_cat-lisavarusteet","8":"product_shipping_class-lisavaruste","9":"pa_hintavaihtoehdot-jasenhinta","10":"pa_hintavaihtoehdot-suositushinta","11":"pa_tekija-baader-planetarium","12":"pa_valmistaja-baader-planetarium","14":"first","15":"outofstock","16":"taxable","17":"shipping-taxable","18":"purchasable","19":"product-type-variable"},"exclude_global_add_ons":[],"addons":[],"_links":{"self":[{"href":"https:\/\/kauppa.ursa.fi\/kauppa\/wp-json\/wp\/v2\/product\/6171","targetHints":{"allow":["GET"]}}],"collection":[{"href":"https:\/\/kauppa.ursa.fi\/kauppa\/wp-json\/wp\/v2\/product"}],"about":[{"href":"https:\/\/kauppa.ursa.fi\/kauppa\/wp-json\/wp\/v2\/types\/product"}],"replies":[{"embeddable":true,"href":"https:\/\/kauppa.ursa.fi\/kauppa\/wp-json\/wp\/v2\/comments?post=6171"}],"wp:featuredmedia":[{"embeddable":true,"href":"https:\/\/kauppa.ursa.fi\/kauppa\/wp-json\/wp\/v2\/media\/10025"}],"wp:attachment":[{"href":"https:\/\/kauppa.ursa.fi\/kauppa\/wp-json\/wp\/v2\/media?parent=6171"}],"wp:term":[{"taxonomy":"product_brand","embeddable":true,"href":"https:\/\/kauppa.ursa.fi\/kauppa\/wp-json\/wp\/v2\/product_brand?post=6171"},{"taxonomy":"product_cat","embeddable":true,"href":"https:\/\/kauppa.ursa.fi\/kauppa\/wp-json\/wp\/v2\/product_cat?post=6171"},{"taxonomy":"product_tag","embeddable":true,"href":"https:\/\/kauppa.ursa.fi\/kauppa\/wp-json\/wp\/v2\/product_tag?post=6171"}],"curies":[{"name":"wp","href":"https:\/\/api.w.org\/{rel}","templated":true}]}}