 

{"id":63389,"date":"2022-08-10T14:08:11","date_gmt":"2022-08-10T11:08:11","guid":{"rendered":"https:\/\/kauppa.ursa.fi\/kauppa\/?post_type=product&#038;p=63389"},"modified":"2026-04-09T15:57:41","modified_gmt":"2026-04-09T12:57:41","slug":"skymax-127-ja-az-go2-jalusta","status":"publish","type":"product","link":"https:\/\/kauppa.ursa.fi\/kauppa\/tuote\/skymax-127-ja-az-go2-jalusta\/","title":{"rendered":"Skymax-127 ja AZ-GO2-jalusta"},"content":{"rendered":"<p>Helppok\u00e4ytt\u00f6inen ja n\u00e4pp\u00e4r\u00e4 Skymax-kaukoputki helposti kuljetettavalla AZ-GO2-jalustalla. Jalusta luo oman WiFi-verkon, johon Android- tai iOS-k\u00e4ytt\u00f6j\u00e4rjestelm\u00e4n (puhelin, tabletti tms.) saa suoraan yhdistetty\u00e4. K\u00e4ytt\u00f6laitteessa tulee olla asennettuna SynScan-ohjelma. Jalustassa on mukana paristokotelo (8xAA), joten jalustaa voi k\u00e4ytt\u00e4\u00e4 miss\u00e4 vain. K\u00e4ytt\u00f6laitteen GPS-, p\u00e4iv\u00e4m\u00e4\u00e4r\u00e4- ja aikatiedot tulevat suoraan SynScan-ohjelman k\u00e4ytt\u00f6\u00f6n, joten n\u00e4it\u00e4 ei tarvitse erikseen n\u00e4pytell\u00e4.<\/p>\n<p>Jalustassa on mahdollisuus my\u00f6s ulkoiselle virtal\u00e4hteelle (12V, 1A, Tip+), mik\u00e4li ei halua k\u00e4ytt\u00e4\u00e4 ladattavia akkuja tai sormiparistoja. Jalustaan saa liitetty\u00e4 SynScan-k\u00e4siohjaimen, mutta se ei kuulu paketin sis\u00e4lt\u00f6\u00f6n. K\u00e4ytt\u00f6laitteelle ladattavassa SynScan-ohjelmassa on &#8221;Point and Go&#8221;-toiminto sek\u00e4 &#8221;Tonight&#8217;s Best Objects&#8221;-kierros mik\u00e4li haluat p\u00e4\u00e4st\u00e4 entist\u00e4kin helpommalla. On my\u00f6s mahdollista k\u00e4ytt\u00e4\u00e4 kaukoputkea kolmannen osapuolen t\u00e4htikarttasovelluksella.<\/p>\n<p>Kaukoputki on Skymax-127, joka on Ursan suosituimman mallin, Skymaxin, isompi kaukoputki. Optiikka on aloittelijan kannalta se kaikista helpoin ratkaisu. Maksutov-Cassegrain on helppohoitoinen ja eritt\u00e4in laadukas peilikaukoputki. Optinen rakenne mahdollistaa eritt\u00e4in kompaktin kaukoputken.<\/p>\n<p><strong>HUOM<\/strong><br \/>\nKaukoputkea ei voi k\u00e4\u00e4nt\u00e4\u00e4 k\u00e4sin. Ohjaaminen vain ja ainoastaan sovelluksella.<\/p>\n<p><strong>HUOM<\/strong><br \/>\nOhjainsovellus on englanninkielinen.<\/p>\n","protected":false},"excerpt":{"rendered":"<p>Helppok\u00e4ytt\u00f6inen Wifi-yhteytt\u00e4 hy\u00f6dynt\u00e4v\u00e4 jalusta ja Skymax-kaukoputki. Ohjaaminen vaatii Android- tai iOS-k\u00e4ytt\u00f6j\u00e4rjestelm\u00e4n, jossa ladattuna SynScan-ohjelma (ilmainen).<\/p>\n","protected":false},"featured_media":63392,"comment_status":"open","ping_status":"closed","template":"","meta":[],"product_brand":[],"product_cat":[2339,1870,1869,14,2364,7],"product_tag":[],"class_list":{"0":"post-63389","1":"product","2":"type-product","3":"status-publish","4":"has-post-thumbnail","6":"product_cat-aloittelijalle","7":"product_cat-automaattiset","8":"product_cat-helpostialkuun","9":"product_cat-kaukoputket","10":"product_cat-kaukoputket-ja-kiikarit","11":"product_cat-kaukoputkikauppa","12":"product_shipping_class-havainto","13":"pa_hintavaihtoehdot-jasenhinta","14":"pa_hintavaihtoehdot-suositushinta","15":"pa_jalustan-tyyppi-atsimutaalinen","16":"pa_optiikka-maksutov-cassegrain","17":"pa_valmistaja-skywatcher","19":"first","20":"instock","21":"taxable","22":"shipping-taxable","23":"purchasable","24":"product-type-variable"},"exclude_global_add_ons":[],"addons":[],"_links":{"self":[{"href":"https:\/\/kauppa.ursa.fi\/kauppa\/wp-json\/wp\/v2\/product\/63389","targetHints":{"allow":["GET"]}}],"collection":[{"href":"https:\/\/kauppa.ursa.fi\/kauppa\/wp-json\/wp\/v2\/product"}],"about":[{"href":"https:\/\/kauppa.ursa.fi\/kauppa\/wp-json\/wp\/v2\/types\/product"}],"replies":[{"embeddable":true,"href":"https:\/\/kauppa.ursa.fi\/kauppa\/wp-json\/wp\/v2\/comments?post=63389"}],"wp:featuredmedia":[{"embeddable":true,"href":"https:\/\/kauppa.ursa.fi\/kauppa\/wp-json\/wp\/v2\/media\/63392"}],"wp:attachment":[{"href":"https:\/\/kauppa.ursa.fi\/kauppa\/wp-json\/wp\/v2\/media?parent=63389"}],"wp:term":[{"taxonomy":"product_brand","embeddable":true,"href":"https:\/\/kauppa.ursa.fi\/kauppa\/wp-json\/wp\/v2\/product_brand?post=63389"},{"taxonomy":"product_cat","embeddable":true,"href":"https:\/\/kauppa.ursa.fi\/kauppa\/wp-json\/wp\/v2\/product_cat?post=63389"},{"taxonomy":"product_tag","embeddable":true,"href":"https:\/\/kauppa.ursa.fi\/kauppa\/wp-json\/wp\/v2\/product_tag?post=63389"}],"curies":[{"name":"wp","href":"https:\/\/api.w.org\/{rel}","templated":true}]}}