 

{"id":64772,"date":"2022-10-14T14:11:39","date_gmt":"2022-10-14T11:11:39","guid":{"rendered":"https:\/\/kauppa.ursa.fi\/kauppa\/?post_type=product&#038;p=64772"},"modified":"2025-06-25T11:49:40","modified_gmt":"2025-06-25T08:49:40","slug":"ihmisen-kosmos-kulttuuri-ja-tahdet","status":"publish","type":"product","link":"https:\/\/kauppa.ursa.fi\/kauppa\/tuote\/ihmisen-kosmos-kulttuuri-ja-tahdet\/","title":{"rendered":"Ihmisen kosmos &#8211; kulttuuri ja t\u00e4hdet"},"content":{"rendered":"<p><strong>Ihmisen kosmos<\/strong> kertoo t\u00e4htitaivaan merkityksest\u00e4 inhimilliselle kulttuurille: miten t\u00e4htitaivas ja sen tutkiminen ovat vaikuttaneet uskontoihin, taiteeseen, tieteeseen ja politiikkaan aina varhaisista myyteist\u00e4 moderniin maailmaan. Jo Marchant avaa historiaan uusia j\u00e4nnitt\u00e4vi\u00e4 n\u00e4k\u00f6kulmia ja osoittaa kahdellatoista tarinalla, kuinka k\u00e4sityksemme taivaista ovat vaikuttaneet sivilisaatioomme. Kirja kertookin enemm\u00e4n meist\u00e4 ihmisist\u00e4 kuin avaruudesta.<\/p>\n<p>PhD Jo Marchant on palkittu tiedekirjoittaja, h\u00e4n on ty\u00f6skennellyt toimittajana New Scientist ja Nature -lehdiss\u00e4.<\/p>\n<p><em>&#8221;T\u00e4htitaivaan vaikutukset ovat sy\u00f6pyneet syv\u00e4lle nykyiseen yhteiskuntaamme, vaikka olemmekin unohtaneet niiden alkuper\u00e4n \u2013 valtiomuotoomme, kirkkoihimme, taiteeseen, kelloihin ja karttoihin. Aurinkoa, Kuuta ja t\u00e4hti\u00e4 koskevilla uskomuksilla oli t\u00e4rke\u00e4 merkitys kristinuskon synnyss\u00e4 sek\u00e4 siin\u00e4, ett\u00e4 eurooppalaiset alkoivat tutkia ja hallita planeettaamme. Ajatukset kosmoksesta ohjasivat niin kapinallisia lains\u00e4\u00e4t\u00e4ji\u00e4, jotka laativat demokratian ja ihmisoikeuksien periaatteet, taloustieteilij\u00f6it\u00e4, jotka kehittiv\u00e4t kapitalismin toiminnalle olennaisen viitekehyksen, kuin my\u00f6s taiteilijoita, jotka tekiv\u00e4t ensimm\u00e4iset abstraktit taideteokset.&#8221;<\/em><\/p>\n<p>Lue <a href=\"https:\/\/kauppa.ursa.fi\/kauppa\/wp-content\/uploads\/2022\/10\/Ihmisenkosmos_mainos.pdf\">n\u00e4yte<\/a> kirjasta.<\/p>\n<p>A Best Book of 2020 \u2013 NPR<br \/>\nA Best Book of 2020 \u2013 The Economist<br \/>\nA Top Ten Best Science Book of 2020 \u2013 Smithsonian<br \/>\nA Best Science Book of 2020 \u2013 Amazon.com<br \/>\nA Best Science Book of 2020 \u2013 Barnes &amp; Noble<br \/>\nA Best Science &amp; Technology Book of 2020 \u2013 Library Journal<br \/>\nA Most Fascinating Book of 2020 \u2013 Wired<br \/>\nA Must-Read Book to Escape the Chaos of 2020 \u2013 Newsweek<\/p>\n","protected":false},"excerpt":{"rendered":"<p>Miten k\u00e4sityksemme t\u00e4htitaivaasta ovat kietoutuneet kulttuuriimme<\/p>\n","protected":false},"featured_media":64767,"comment_status":"open","ping_status":"closed","template":"","meta":[],"product_brand":[],"product_cat":[6,8],"product_tag":[],"class_list":{"0":"post-64772","1":"product","2":"type-product","3":"status-publish","4":"has-post-thumbnail","6":"product_cat-kirjakauppa","7":"product_cat-tahtitiede","8":"product_shipping_class-kirjakauppa","9":"pa_hintavaihtoehdot-jasenhinta","10":"pa_hintavaihtoehdot-suositushinta","11":"pa_isbn-2246","13":"first","14":"instock","15":"taxable","16":"shipping-taxable","17":"purchasable","18":"product-type-variable"},"exclude_global_add_ons":[],"addons":[],"_links":{"self":[{"href":"https:\/\/kauppa.ursa.fi\/kauppa\/wp-json\/wp\/v2\/product\/64772","targetHints":{"allow":["GET"]}}],"collection":[{"href":"https:\/\/kauppa.ursa.fi\/kauppa\/wp-json\/wp\/v2\/product"}],"about":[{"href":"https:\/\/kauppa.ursa.fi\/kauppa\/wp-json\/wp\/v2\/types\/product"}],"replies":[{"embeddable":true,"href":"https:\/\/kauppa.ursa.fi\/kauppa\/wp-json\/wp\/v2\/comments?post=64772"}],"wp:featuredmedia":[{"embeddable":true,"href":"https:\/\/kauppa.ursa.fi\/kauppa\/wp-json\/wp\/v2\/media\/64767"}],"wp:attachment":[{"href":"https:\/\/kauppa.ursa.fi\/kauppa\/wp-json\/wp\/v2\/media?parent=64772"}],"wp:term":[{"taxonomy":"product_brand","embeddable":true,"href":"https:\/\/kauppa.ursa.fi\/kauppa\/wp-json\/wp\/v2\/product_brand?post=64772"},{"taxonomy":"product_cat","embeddable":true,"href":"https:\/\/kauppa.ursa.fi\/kauppa\/wp-json\/wp\/v2\/product_cat?post=64772"},{"taxonomy":"product_tag","embeddable":true,"href":"https:\/\/kauppa.ursa.fi\/kauppa\/wp-json\/wp\/v2\/product_tag?post=64772"}],"curies":[{"name":"wp","href":"https:\/\/api.w.org\/{rel}","templated":true}]}}