 

{"id":75838,"date":"2023-02-14T14:13:07","date_gmt":"2023-02-14T12:13:07","guid":{"rendered":"https:\/\/kauppa.ursa.fi\/kauppa\/?post_type=product&#038;p=75838"},"modified":"2026-04-12T10:20:40","modified_gmt":"2026-04-12T07:20:40","slug":"smartphoto-kuvausteline-puhelimelle","status":"publish","type":"product","link":"https:\/\/kauppa.ursa.fi\/kauppa\/tuote\/smartphoto-kuvausteline-puhelimelle\/","title":{"rendered":"Smartphoto-kuvausteline puhelimelle"},"content":{"rendered":"<p>Kevyt ja helppok\u00e4ytt\u00f6inen kiinnitysteline \u00e4lypuhelimelle. Kiinnitet\u00e4\u00e4n kaukoputken 1,25&#8243;-okulaariin.<\/p>\n","protected":false},"excerpt":{"rendered":"<p>Kevyt ja helppok\u00e4ytt\u00f6inen kiinnitysteline \u00e4lypuhelimelle. Kiinnitet\u00e4\u00e4n kaukoputken 20mm 1,25&#8243;-okulaariin. Mukana tulee 20mm okulaari kuvausk\u00e4ytt\u00f6\u00f6n.<\/p>\n","protected":false},"featured_media":75841,"comment_status":"open","ping_status":"closed","template":"","meta":[],"product_brand":[],"product_cat":[16],"product_tag":[],"class_list":{"0":"post-75838","1":"product","2":"type-product","3":"status-publish","4":"has-post-thumbnail","6":"product_cat-lisavarusteet","7":"product_shipping_class-lisavaruste","8":"pa_hintavaihtoehdot-jasenhinta","9":"pa_hintavaihtoehdot-suositushinta","10":"pa_tekija-sky-watcher","11":"pa_valmistaja-skywatcher","13":"first","14":"instock","15":"taxable","16":"shipping-taxable","17":"purchasable","18":"product-type-variable"},"exclude_global_add_ons":[],"addons":[],"_links":{"self":[{"href":"https:\/\/kauppa.ursa.fi\/kauppa\/wp-json\/wp\/v2\/product\/75838","targetHints":{"allow":["GET"]}}],"collection":[{"href":"https:\/\/kauppa.ursa.fi\/kauppa\/wp-json\/wp\/v2\/product"}],"about":[{"href":"https:\/\/kauppa.ursa.fi\/kauppa\/wp-json\/wp\/v2\/types\/product"}],"replies":[{"embeddable":true,"href":"https:\/\/kauppa.ursa.fi\/kauppa\/wp-json\/wp\/v2\/comments?post=75838"}],"wp:featuredmedia":[{"embeddable":true,"href":"https:\/\/kauppa.ursa.fi\/kauppa\/wp-json\/wp\/v2\/media\/75841"}],"wp:attachment":[{"href":"https:\/\/kauppa.ursa.fi\/kauppa\/wp-json\/wp\/v2\/media?parent=75838"}],"wp:term":[{"taxonomy":"product_brand","embeddable":true,"href":"https:\/\/kauppa.ursa.fi\/kauppa\/wp-json\/wp\/v2\/product_brand?post=75838"},{"taxonomy":"product_cat","embeddable":true,"href":"https:\/\/kauppa.ursa.fi\/kauppa\/wp-json\/wp\/v2\/product_cat?post=75838"},{"taxonomy":"product_tag","embeddable":true,"href":"https:\/\/kauppa.ursa.fi\/kauppa\/wp-json\/wp\/v2\/product_tag?post=75838"}],"curies":[{"name":"wp","href":"https:\/\/api.w.org\/{rel}","templated":true}]}}