 

{"id":7608,"date":"2015-12-04T11:33:35","date_gmt":"2015-12-04T09:33:35","guid":{"rendered":"https:\/\/kauppa.ursa.fi\/kauppa\/?post_type=product&#038;p=7608"},"modified":"2026-04-14T10:39:46","modified_gmt":"2026-04-14T07:39:46","slug":"aloituspaketti-tahtiharrastukseen","status":"publish","type":"product","link":"https:\/\/kauppa.ursa.fi\/kauppa\/tuote\/aloituspaketti-tahtiharrastukseen\/","title":{"rendered":"Aloituspaketti t\u00e4htiharrastukseen (7&#215;50)"},"content":{"rendered":"<p>Ota t\u00e4htitaivas haltuun Ursan suositulla t\u00e4htiharrastuksen aloituspaketilla, joka sis\u00e4lt\u00e4\u00e4 planisf\u00e4\u00e4ri-t\u00e4htikartan, T\u00e4hdet-vuosikirjan ja hyv\u00e4n kiikarin. Aloituspaketti soveltuu my\u00f6s oivasti lahjaksi tai t\u00e4htiharrastusta aloittelevalle lapsellekin. Vuoden 2025 loppuun asti pakettiin sis\u00e4ltyy sek\u00e4 T\u00e4hdet 2025 ett\u00e4 T\u00e4hdet 2026.<\/p>\n<ul>\n<li><strong>Ursan planisf\u00e4\u00e4rill\u00e4<\/strong> opit hahmottamaan t\u00e4htitaivasta ja l\u00f6yt\u00e4m\u00e4\u00e4n yleisimpi\u00e4 katselukohteita.<\/li>\n<li><strong>T\u00e4hdet 2025<\/strong> -vuosikirjassa esitell\u00e4\u00e4n kulloinkin n\u00e4kyviss\u00e4 olevaa t\u00e4htitaivasta, erityisesti vaihtelevia taivaan tapahtumia, kuten Kuun ja planeettojen n\u00e4kyminen, meteoriparvet, pimennykset ja listataan my\u00f6s mielenkiintoisia harvinaisia ilmi\u00f6it\u00e4. T\u00e4hdet-vuosikirja opastaa havainnollisin tekstein, kartoin, kuvin ja taulukoin.<\/li>\n<li><strong>Helios Naturesport-Plus 7&#215;50<\/strong> on hyv\u00e4laatuinen kiikari, jonka valovoima ja suurennus tuovat paljaisiin silmiin verrattuna paljon lis\u00e4\u00e4 katsottavaa taivaalta. Seulasten t\u00e4htijoukko avautuu useiksi t\u00e4hdiksi ja Orionin sumun usva tulee n\u00e4kyviin. Kiikari soveltuu kokonsa ja suurennuksensa puolesta viel\u00e4 k\u00e4sivaralta k\u00e4ytett\u00e4v\u00e4ksi.<\/li>\n<\/ul>\n<p><strong>Helios Naturesport-Plus 7&#215;50<\/strong> -kiikarin ominaisuudet:<\/p>\n<ul>\n<li>objektiivilinssin halkaisija 50 mm<\/li>\n<li>suurennus 7x<\/li>\n<li>n\u00e4k\u00f6kentt\u00e4 n. 6,5\u00b0<\/li>\n<li>sopii my\u00f6s silm\u00e4lasien kanssa k\u00e4ytett\u00e4v\u00e4ksi<\/li>\n<li>keskitarkennus<\/li>\n<li>monikalvop\u00e4\u00e4llystetty optiikka<\/li>\n<li>BaK-4 prismat<\/li>\n<li>1\/4\u2033 kierre keskiakselin p\u00e4\u00e4ss\u00e4 jalustasovitetta varten<\/li>\n<li>pehme\u00e4 kantolaukku<\/li>\n<\/ul>\n<p>Vaativammassa k\u00e4yt\u00f6ss\u00e4 suosittelemme kiikarin k\u00e4ytt\u00e4mist\u00e4 jalustan kanssa. Kiikari kiinnitet\u00e4\u00e4n jalustaan <a href=\"https:\/\/kauppa.ursa.fi\/kauppa\/tuote\/jalustasovite-helios-kiikareihin\/\" target=\"_blank\" rel=\"noopener noreferrer\">jalustasovitteella<\/a>.<\/p>\n","protected":false},"excerpt":{"rendered":"<p>Ota t\u00e4htitaivas haltuun planisf\u00e4\u00e4rikartan, T\u00e4hdet-vuosikirjan ja hyv\u00e4n kiikarin avulla. Huom! Paketin kiikari on kokoa 7&#215;50. Vuoden 2025 loppuun pakettiin sis\u00e4ltyy sek\u00e4 2025 ett\u00e4 2026 -vuosikirjat.<\/p>\n","protected":false},"featured_media":98350,"comment_status":"open","ping_status":"closed","template":"","meta":[],"product_brand":[],"product_cat":[2344,2346,1869,2364,15,1868,2345],"product_tag":[1801,1797,1798,1831,1802,1817,1832,1788,1825,1847,1853,1826,1855,1857,1858,1865,1866,1835,1834,1854,1851,1789,1838,1928,1926,1848,51,1859,1852,1787,1916,1917,1849,1864,1862,1863,1867,1791,1790,1833,1861,1850,1837,1836,1856,1841,1840,1839,1927,1860,1824,1843,1845,1846,1827,1929,1786],"class_list":{"0":"post-7608","1":"product","2":"type-product","3":"status-publish","4":"has-post-thumbnail","6":"product_cat-aloittelevalle-tahtiharrastajalle","7":"product_cat-avaruusfanille","8":"product_cat-helpostialkuun","9":"product_cat-kaukoputket-ja-kiikarit","10":"product_cat-kiikarit-ja-niiden-jalustat","11":"product_cat-lahjaideoita","12":"product_cat-lahjaideat-lapsille-ja-nuorille","13":"product_tag-alkuun","14":"product_tag-aloittelija","15":"product_tag-aloittelijalle","16":"product_tag-aloittelijan","17":"product_tag-aluksi","18":"product_tag-astro","19":"product_tag-astronominen","20":"product_tag-avaruus","21":"product_tag-edullinen","22":"product_tag-ekvatoriaalinen","23":"product_tag-erinomainen","24":"product_tag-halpa","25":"product_tag-harrastelija","26":"product_tag-harrastelijaputki","27":"product_tag-harrastus","28":"product_tag-helppokayttoinen","29":"product_tag-helppokayttoisyys","30":"product_tag-hinta-laatu","31":"product_tag-hintalaatu","32":"product_tag-hyva","33":"product_tag-iso","34":"product_tag-jalusta","35":"product_tag-jupiter","36":"product_tag-katadioptrinen","37":"product_tag-katseluun","38":"product_tag-kauas","39":"product_tag-kaukoputki","40":"product_tag-kayttokelpoinen","41":"product_tag-kerroin","42":"product_tag-kuu","43":"product_tag-lahja","44":"product_tag-lahjaksi","45":"product_tag-linssi","46":"product_tag-maalikolle","47":"product_tag-maallikko","48":"product_tag-maallikolle","49":"product_tag-nakyma","50":"product_tag-objektiivi","51":"product_tag-okulaari","52":"product_tag-paras","53":"product_tag-pateva","54":"product_tag-peili","55":"product_tag-planeetat","56":"product_tag-planeetta","57":"product_tag-putki","58":"product_tag-renkaat","59":"product_tag-saturnuksen-renkaat","60":"product_tag-saturnus","61":"product_tag-schmidt","62":"product_tag-skywatcher","63":"product_tag-suurennos","64":"product_tag-suuri","65":"product_tag-tahdisto","66":"product_tag-tahdistoja","67":"product_tag-tahti","68":"product_tag-tahtiharrastus","69":"product_tag-tahtitaivas","70":"product_shipping_class-lisavaruste","71":"pa_hintavaihtoehdot-jasenhinta","72":"pa_hintavaihtoehdot-suositushinta","73":"pa_tekija-helios","74":"pa_tekija-ursa-ry","75":"pa_valmistaja-helios","77":"first","78":"instock","79":"taxable","80":"shipping-taxable","81":"purchasable","82":"product-type-variable"},"exclude_global_add_ons":[],"addons":[],"_links":{"self":[{"href":"https:\/\/kauppa.ursa.fi\/kauppa\/wp-json\/wp\/v2\/product\/7608","targetHints":{"allow":["GET"]}}],"collection":[{"href":"https:\/\/kauppa.ursa.fi\/kauppa\/wp-json\/wp\/v2\/product"}],"about":[{"href":"https:\/\/kauppa.ursa.fi\/kauppa\/wp-json\/wp\/v2\/types\/product"}],"replies":[{"embeddable":true,"href":"https:\/\/kauppa.ursa.fi\/kauppa\/wp-json\/wp\/v2\/comments?post=7608"}],"wp:featuredmedia":[{"embeddable":true,"href":"https:\/\/kauppa.ursa.fi\/kauppa\/wp-json\/wp\/v2\/media\/98350"}],"wp:attachment":[{"href":"https:\/\/kauppa.ursa.fi\/kauppa\/wp-json\/wp\/v2\/media?parent=7608"}],"wp:term":[{"taxonomy":"product_brand","embeddable":true,"href":"https:\/\/kauppa.ursa.fi\/kauppa\/wp-json\/wp\/v2\/product_brand?post=7608"},{"taxonomy":"product_cat","embeddable":true,"href":"https:\/\/kauppa.ursa.fi\/kauppa\/wp-json\/wp\/v2\/product_cat?post=7608"},{"taxonomy":"product_tag","embeddable":true,"href":"https:\/\/kauppa.ursa.fi\/kauppa\/wp-json\/wp\/v2\/product_tag?post=7608"}],"curies":[{"name":"wp","href":"https:\/\/api.w.org\/{rel}","templated":true}]}}