 

{"id":77883,"date":"2023-09-14T10:00:12","date_gmt":"2023-09-14T07:00:12","guid":{"rendered":"https:\/\/kauppa.ursa.fi\/kauppa\/?post_type=product&#038;p=77883"},"modified":"2025-09-09T13:26:33","modified_gmt":"2025-09-09T10:26:33","slug":"kuukavely-ja-kuusi-voileipaa","status":"publish","type":"product","link":"https:\/\/kauppa.ursa.fi\/kauppa\/tuote\/kuukavely-ja-kuusi-voileipaa\/","title":{"rendered":"Kuuk\u00e4vely ja kuusi voileip\u00e4\u00e4"},"content":{"rendered":"<p class=\"p1\"><b>Esko Valtaoja<\/b> ruotii aikamme ilmi\u00f6it\u00e4 omaan j\u00e4ljittelem\u00e4tt\u00f6m\u00e4\u00e4n tyyliins\u00e4. Maailmamme koostuu lukemattomista pakahduttavan mielenkiintoisista asioista ja niiden v\u00e4lisist\u00e4 yll\u00e4tt\u00e4vist\u00e4kin yhteyksist\u00e4.<\/p>\n<p class=\"p1\"><i>Mit\u00e4h\u00e4n n\u00e4m\u00e4 tekstit paljastavat minusta? Kaipa ainakin sen ett\u00e4 olen jonkin sortin kosminen ADHD, joka tuskin ehtii pohtimaan elokapinalaisia ennen kuin jo innostuu suolistobakteereista ja teko\u00e4lyn etiikasta hyp\u00e4t\u00e4kseen seuraavaksi mustaan aukkoon \u2013 noin vain nelj\u00e4\u00e4n satunnaiseen, per\u00e4kk\u00e4iseen kolumniin kurkistaakseni.<\/i><\/p>\n<p class=\"p1\"><i>\u201dMaailmaan virtaa tauotta jotain uutta, mutta silti sied\u00e4mme uskomatonta tylsyytt\u00e4\u201d surkutteli Henry Thoreau, jo sata vuotta ennen syntym\u00e4\u00e4ni. Minulla on uskomattoman huono tylsyyden sietokyky; se on yksi selitys t\u00e4m\u00e4nkin kirjan olemassaoloon. Jos n\u00e4m\u00e4 kirjoitukset onnistuvat lievitt\u00e4m\u00e4\u00e4n my\u00f6s jonkun muun tylsistymist\u00e4, en ole nakutellut niit\u00e4 ihan turhaan. <\/i><\/p>\n<p class=\"p1\"><i>Mink\u00e4\u00e4n tekstin ei pit\u00e4isi olla viimeinen vaan ensimm\u00e4inen sana, uusien ajatusten alullepanija lukijassa.<\/i><\/p>\n","protected":false},"excerpt":{"rendered":"<p>Kootut kolumnit III<\/p>\n<p>pokkari<\/p>\n","protected":false},"featured_media":77901,"comment_status":"open","ping_status":"closed","template":"","meta":[],"product_brand":[],"product_cat":[6,1868,10,2108],"product_tag":[],"class_list":{"0":"post-77883","1":"product","2":"type-product","3":"status-publish","4":"has-post-thumbnail","6":"product_cat-kirjakauppa","7":"product_cat-lahjaideoita","8":"product_cat-muut-tietokirjat","9":"product_cat-uncategorized","10":"product_shipping_class-kirjakauppa","11":"pa_isbn-2258","13":"first","14":"instock","15":"taxable","16":"shipping-taxable","17":"purchasable","18":"product-type-variable"},"exclude_global_add_ons":[],"addons":[],"_links":{"self":[{"href":"https:\/\/kauppa.ursa.fi\/kauppa\/wp-json\/wp\/v2\/product\/77883","targetHints":{"allow":["GET"]}}],"collection":[{"href":"https:\/\/kauppa.ursa.fi\/kauppa\/wp-json\/wp\/v2\/product"}],"about":[{"href":"https:\/\/kauppa.ursa.fi\/kauppa\/wp-json\/wp\/v2\/types\/product"}],"replies":[{"embeddable":true,"href":"https:\/\/kauppa.ursa.fi\/kauppa\/wp-json\/wp\/v2\/comments?post=77883"}],"wp:featuredmedia":[{"embeddable":true,"href":"https:\/\/kauppa.ursa.fi\/kauppa\/wp-json\/wp\/v2\/media\/77901"}],"wp:attachment":[{"href":"https:\/\/kauppa.ursa.fi\/kauppa\/wp-json\/wp\/v2\/media?parent=77883"}],"wp:term":[{"taxonomy":"product_brand","embeddable":true,"href":"https:\/\/kauppa.ursa.fi\/kauppa\/wp-json\/wp\/v2\/product_brand?post=77883"},{"taxonomy":"product_cat","embeddable":true,"href":"https:\/\/kauppa.ursa.fi\/kauppa\/wp-json\/wp\/v2\/product_cat?post=77883"},{"taxonomy":"product_tag","embeddable":true,"href":"https:\/\/kauppa.ursa.fi\/kauppa\/wp-json\/wp\/v2\/product_tag?post=77883"}],"curies":[{"name":"wp","href":"https:\/\/api.w.org\/{rel}","templated":true}]}}