 

{"id":78382,"date":"2023-10-04T14:17:18","date_gmt":"2023-10-04T11:17:18","guid":{"rendered":"https:\/\/kauppa.ursa.fi\/kauppa\/?post_type=product&#038;p=78382"},"modified":"2025-06-25T14:22:57","modified_gmt":"2025-06-25T11:22:57","slug":"linnunradan-kasikirja-olioista","status":"publish","type":"product","link":"https:\/\/kauppa.ursa.fi\/kauppa\/tuote\/linnunradan-kasikirja-olioista\/","title":{"rendered":"Linnunradan k\u00e4sikirja olioista"},"content":{"rendered":"<p class=\"p1\">Suuri osa tutkijoista uskoo, ett\u00e4 el\u00e4m\u00e4\u00e4 on olemassa muualla maailmankaikkeudessa. Kuvitelmat avaruusolennoista muilla planeetoilla ovat kuitenkin yleens\u00e4 tieteisfiktiota.<\/p>\n<p class=\"p1\"><strong>Arik Kershenbaum<\/strong> ottaa uuden n\u00e4k\u00f6kulman astrobiologiaan ja asettaa odotuksemme vieraista olioista vankalle tieteelliselle pohjalle. Kershenbaum esitt\u00e4\u00e4, ett\u00e4 evoluution lainalaisuudet ovat samalla tavalla universaaleja kuin fysiikan lait. Kuten maapallolla, my\u00f6s muualla maailmankaikkeudessa eli\u00f6t joutuvat hankkimaan energiaa ja sopeutumaan ymp\u00e4rist\u00f6\u00f6ns\u00e4 hankkimalla uusia ominaisuuksia. Edistyneit\u00e4 olioita ei voi putkahtaa tyhj\u00e4st\u00e4, vaan niiden t\u00e4ytyy kehitty\u00e4 alkeellisesta el\u00e4m\u00e4st\u00e4.<\/p>\n<p class=\"p1\">Kershenbaum soveltaa evoluutioteoriaa ja maapallon el\u00e4inten kehityst\u00e4 maanulkoisen el\u00e4m\u00e4n hahmottelemiseen. Tutkimalla maapallon el\u00e4inkunnassa havaitsemiamme kehityskulkuja voimme selvitt\u00e4\u00e4 mit\u00e4 ominaisuuksia maanulkoisella kehittyneell\u00e4 el\u00e4m\u00e4ll\u00e4 voi olla: esimerkiksi kuinka n\u00e4m\u00e4 olennot liikkuvat ja kommunikoivat. Voisiko olla yli\u00e4\u00e4nennopeudella liikkuvia oliota? Millaisia ominaisuuksia vieras el\u00e4m\u00e4 tarvitsee, ennen kuin esimerkiksi avaruusaluksen rakentaminen on mahdollista? Millaisia avaruusoliot voisivat siis realistisesti olla?<\/p>\n<p class=\"p1\">Arik Kershenbaum ty\u00f6skentelee Cambridgen yliopistossa. H\u00e4nen tutkimusalaansa ovat el\u00e4inten kommunikaatio ja yhteisty\u00f6 sek\u00e4 mm. hypoteettiset vieraiden olioiden kielet.<\/p>\n","protected":false},"excerpt":{"rendered":"<p>Mit\u00e4 evoluutio maapallolla kertoo el\u00e4m\u00e4st\u00e4 avaruudessa<\/p>\n","protected":false},"featured_media":78387,"comment_status":"open","ping_status":"closed","template":"","meta":[],"product_brand":[],"product_cat":[6,1868,10,2108,1692],"product_tag":[],"class_list":{"0":"post-78382","1":"product","2":"type-product","3":"status-publish","4":"has-post-thumbnail","6":"product_cat-kirjakauppa","7":"product_cat-lahjaideoita","8":"product_cat-muut-tietokirjat","9":"product_cat-uncategorized","10":"product_cat-uutuudet","11":"product_shipping_class-kirjakauppa","12":"pa_hintavaihtoehdot-jasenhinta","13":"pa_hintavaihtoehdot-suositushinta","14":"pa_isbn-2260","16":"first","17":"instock","18":"taxable","19":"shipping-taxable","20":"purchasable","21":"product-type-variable"},"exclude_global_add_ons":[],"addons":[],"_links":{"self":[{"href":"https:\/\/kauppa.ursa.fi\/kauppa\/wp-json\/wp\/v2\/product\/78382","targetHints":{"allow":["GET"]}}],"collection":[{"href":"https:\/\/kauppa.ursa.fi\/kauppa\/wp-json\/wp\/v2\/product"}],"about":[{"href":"https:\/\/kauppa.ursa.fi\/kauppa\/wp-json\/wp\/v2\/types\/product"}],"replies":[{"embeddable":true,"href":"https:\/\/kauppa.ursa.fi\/kauppa\/wp-json\/wp\/v2\/comments?post=78382"}],"wp:featuredmedia":[{"embeddable":true,"href":"https:\/\/kauppa.ursa.fi\/kauppa\/wp-json\/wp\/v2\/media\/78387"}],"wp:attachment":[{"href":"https:\/\/kauppa.ursa.fi\/kauppa\/wp-json\/wp\/v2\/media?parent=78382"}],"wp:term":[{"taxonomy":"product_brand","embeddable":true,"href":"https:\/\/kauppa.ursa.fi\/kauppa\/wp-json\/wp\/v2\/product_brand?post=78382"},{"taxonomy":"product_cat","embeddable":true,"href":"https:\/\/kauppa.ursa.fi\/kauppa\/wp-json\/wp\/v2\/product_cat?post=78382"},{"taxonomy":"product_tag","embeddable":true,"href":"https:\/\/kauppa.ursa.fi\/kauppa\/wp-json\/wp\/v2\/product_tag?post=78382"}],"curies":[{"name":"wp","href":"https:\/\/api.w.org\/{rel}","templated":true}]}}