 

{"id":8247,"date":"2016-01-05T14:15:22","date_gmt":"2016-01-05T12:15:22","guid":{"rendered":"https:\/\/kauppa.ursa.fi\/kauppa\/tuote\/aloituspaketti-tahtiharrastukseen-2\/"},"modified":"2026-04-14T12:09:12","modified_gmt":"2026-04-14T09:09:12","slug":"aloituspaketti-tahtiharrastukseen-2","status":"publish","type":"product","link":"https:\/\/kauppa.ursa.fi\/kauppa\/tuote\/aloituspaketti-tahtiharrastukseen-2\/","title":{"rendered":"Aloituspaketti t\u00e4htiharrastukseen"},"content":{"rendered":"<p>Ota t\u00e4htitaivas haltuun Ursan suositulla t\u00e4htiharrastuksen aloituspaketilla, joka sis\u00e4lt\u00e4\u00e4 planisf\u00e4\u00e4ri-t\u00e4htikartan, T\u00e4hdet-vuosikirjan ja hyv\u00e4n kiikarin. Aloituspaketti soveltuu my\u00f6s oivasti lahjaksi tai t\u00e4htiharrastusta aloittelevalle lapsellekin. Vuoden 2025 loppuun asti pakettiin sis\u00e4ltyy sek\u00e4 T\u00e4hdet 2025 ett\u00e4 T\u00e4hdet 2026.<\/p>\n<ul>\n<li><strong>Ursan planisf\u00e4\u00e4rill\u00e4<\/strong> opit hahmottamaan t\u00e4htitaivasta ja l\u00f6yt\u00e4m\u00e4\u00e4n yleisimpi\u00e4 katselukohteita.<\/li>\n<li><strong>T\u00e4hdet<\/strong>-vuosikirjassa esitell\u00e4\u00e4n kulloinkin n\u00e4kyviss\u00e4 olevaa t\u00e4htitaivasta, erityisesti vaihtelevia taivaan tapahtumia, kuten Kuun ja planeettojen n\u00e4kyminen, meteoriparvet, pimennykset ja listataan my\u00f6s mielenkiintoisia harvinaisia ilmi\u00f6it\u00e4. T\u00e4hdet-vuosikirja opastaa havainnollisin tekstein, kartoin, kuvin ja taulukoin.<\/li>\n<li><strong>Helios Naturesport-Plus 10&#215;50 WA<\/strong> on hyv\u00e4 ja laadukas, aloittelijoille sopiva t\u00e4htikiikari t\u00e4htien katseluun.\u00a0Sen valovoima ja suurennus tuovat paljaisiin silmiin verrattuna paljon lis\u00e4\u00e4 katsottavaa taivaalta. Seulasten t\u00e4htijoukko avautuu useiksi t\u00e4hdiksi ja Orionin sumun usva tulee n\u00e4kyviin. Kiikari soveltuu kokonsa ja suurennuksensa puolesta viel\u00e4 k\u00e4sivaralta k\u00e4ytett\u00e4v\u00e4ksi ja sopii my\u00f6s p\u00e4iv\u00e4k\u00e4ytt\u00f6\u00f6n.<\/li>\n<\/ul>\n<p><strong>Helios Naturesport-Plus 10&#215;50 WA<\/strong> -kiikarin ominaisuudet:<\/p>\n<ul>\n<li>objektiivilinssin halkaisija 50 mm<\/li>\n<li>suurennus 10x<\/li>\n<li>n\u00e4k\u00f6kentt\u00e4 n. 6,5\u00b0<\/li>\n<li>sopii my\u00f6s silm\u00e4lasien kanssa k\u00e4ytett\u00e4v\u00e4ksi<\/li>\n<li>keskitarkennus<\/li>\n<li>monikalvop\u00e4\u00e4llystetty optiikka<\/li>\n<li>BaK-4 prismat<\/li>\n<li>1\/4\u2033 kierre keskiakselin p\u00e4\u00e4ss\u00e4 jalustasovitetta varten<\/li>\n<li>pehme\u00e4 kantolaukku<\/li>\n<\/ul>\n<p>Vaativammassa k\u00e4yt\u00f6ss\u00e4 suosittelemme kiikarin k\u00e4ytt\u00e4mist\u00e4 jalustan kanssa. Kiikari kiinnitet\u00e4\u00e4n jalustaan <a href=\"https:\/\/kauppa.ursa.fi\/kauppa\/tuote\/jalustasovite-helios-kiikareihin\/\" target=\"_blank\" rel=\"noopener noreferrer\">jalustasovitteella<\/a>.<\/p>\n","protected":false},"excerpt":{"rendered":"<p>Ota t\u00e4htitaivas haltuun planisf\u00e4\u00e4rikartan, T\u00e4hdet-vuosikirjan ja hyv\u00e4n kiikarin avulla.<\/p>\n<p class=\"p1\"><span class=\"s1\">Aloituspaketin kiikari saatavilla my\u00f6s erikseen <a href=\"https:\/\/kauppa.ursa.fi\/kauppa\/tuote\/helios-naturesport-plus-10x50wa-kiikari\/\">t\u00e4st\u00e4<\/a>.<\/span><\/p>\n","protected":false},"featured_media":121589,"comment_status":"open","ping_status":"closed","template":"","meta":[],"product_brand":[],"product_cat":[2344,2346,1869,2364,15,1868,2345],"product_tag":[1801,1799,1800,1797,1798,1802,1806,1817,1815,1788,1816,1825,1919,1813,1814,1829,1826,1820,1819,1923,1842,1809,1808,1804,1916,1917,1823,1918,1811,1812,1920,1830,1824,1827,1922,1828,1822,1810,1807,1803,1821,1921,1786,1818,1805,1924,1925],"class_list":{"0":"post-8247","1":"product","2":"type-product","3":"status-publish","4":"has-post-thumbnail","6":"product_cat-aloittelevalle-tahtiharrastajalle","7":"product_cat-avaruusfanille","8":"product_cat-helpostialkuun","9":"product_cat-kaukoputket-ja-kiikarit","10":"product_cat-kiikarit-ja-niiden-jalustat","11":"product_cat-lahjaideoita","12":"product_cat-lahjaideat-lapsille-ja-nuorille","13":"product_tag-alkuun","14":"product_tag-aloitteleva","15":"product_tag-aloittelevan","16":"product_tag-aloittelija","17":"product_tag-aloittelijalle","18":"product_tag-aluksi","19":"product_tag-amatoori","20":"product_tag-astro","21":"product_tag-astronomiset","22":"product_tag-avaruus","23":"product_tag-binoculars","24":"product_tag-edullinen","25":"product_tag-edulliset","26":"product_tag-ensimmainen","27":"product_tag-ensimmaiseksi","28":"product_tag-galaksi","29":"product_tag-halpa","30":"product_tag-helppo-kayttaa","31":"product_tag-helppokayttoiset","32":"product_tag-kasikayttoiset","33":"product_tag-kasin","34":"product_tag-kevyet","35":"product_tag-kevyt","36":"product_tag-kiikarit","37":"product_tag-lahja","38":"product_tag-lahjaksi","39":"product_tag-linnunrata","40":"product_tag-opas","41":"product_tag-opettelu","42":"product_tag-opetteluun","43":"product_tag-opiskeluun","44":"product_tag-planisfaari","45":"product_tag-suurennos","46":"product_tag-tahti","47":"product_tag-tahtien","48":"product_tag-tahtijoukko","49":"product_tag-tahtijoukot","50":"product_tag-tahtikartta","51":"product_tag-tahtikiikari","52":"product_tag-tahtikiikarit","53":"product_tag-tahtikuviot","54":"product_tag-tahtitaivaan","55":"product_tag-tahtitaivas","56":"product_tag-tahtitieteelliset","57":"product_tag-tarkkailuun","58":"product_tag-valmistujais","59":"product_tag-ylioppilas","60":"product_shipping_class-lisavaruste","61":"pa_hintavaihtoehdot-jasenhinta","62":"pa_hintavaihtoehdot-suositushinta","63":"pa_tekija-helios","64":"pa_tekija-ursa-ry","65":"pa_valmistaja-helios","67":"first","68":"instock","69":"taxable","70":"shipping-taxable","71":"purchasable","72":"product-type-variable"},"exclude_global_add_ons":[],"addons":[],"_links":{"self":[{"href":"https:\/\/kauppa.ursa.fi\/kauppa\/wp-json\/wp\/v2\/product\/8247","targetHints":{"allow":["GET"]}}],"collection":[{"href":"https:\/\/kauppa.ursa.fi\/kauppa\/wp-json\/wp\/v2\/product"}],"about":[{"href":"https:\/\/kauppa.ursa.fi\/kauppa\/wp-json\/wp\/v2\/types\/product"}],"replies":[{"embeddable":true,"href":"https:\/\/kauppa.ursa.fi\/kauppa\/wp-json\/wp\/v2\/comments?post=8247"}],"wp:featuredmedia":[{"embeddable":true,"href":"https:\/\/kauppa.ursa.fi\/kauppa\/wp-json\/wp\/v2\/media\/121589"}],"wp:attachment":[{"href":"https:\/\/kauppa.ursa.fi\/kauppa\/wp-json\/wp\/v2\/media?parent=8247"}],"wp:term":[{"taxonomy":"product_brand","embeddable":true,"href":"https:\/\/kauppa.ursa.fi\/kauppa\/wp-json\/wp\/v2\/product_brand?post=8247"},{"taxonomy":"product_cat","embeddable":true,"href":"https:\/\/kauppa.ursa.fi\/kauppa\/wp-json\/wp\/v2\/product_cat?post=8247"},{"taxonomy":"product_tag","embeddable":true,"href":"https:\/\/kauppa.ursa.fi\/kauppa\/wp-json\/wp\/v2\/product_tag?post=8247"}],"curies":[{"name":"wp","href":"https:\/\/api.w.org\/{rel}","templated":true}]}}