 

{"id":8325,"date":"2016-01-11T10:04:28","date_gmt":"2016-01-11T08:04:28","guid":{"rendered":"https:\/\/kauppa.ursa.fi\/kauppa\/?post_type=product&#038;p=8325"},"modified":"2026-03-18T22:03:11","modified_gmt":"2026-03-18T20:03:11","slug":"tahtitieteen-perusteet-6-laitos","status":"publish","type":"product","link":"https:\/\/kauppa.ursa.fi\/kauppa\/tuote\/tahtitieteen-perusteet-6-laitos\/","title":{"rendered":"T\u00e4htitieteen perusteet &#8211; 6. laitos"},"content":{"rendered":"<p>Suomalainen t\u00e4htitieteen klassikko T\u00e4htitieteen perusteet ilmestyy uudistettuna ja laajennettuna kuudentena laitoksena.<\/p>\n<p>Yliopiston peruskurssin kurssikirja tarjoaa tasapainoisen ja havainnollisen johdatuksen t\u00e4htitieteeseen ja astrofysiikkaan. Kirja painottaa sek\u00e4 t\u00e4htitieteellisi\u00e4 k\u00e4sitteit\u00e4 ett\u00e4 niiden takana vaikuttavia fysiikan periaatteita. Kirjassa esitett\u00e4v\u00e4t tulokset on pyritty johtamaan alkeisfysiikasta l\u00e4htien aina silloin, kun se on mahdollista.<\/p>\n<p>Selke\u00e4n esitystapansa ansiosta kirja sopii hyvin my\u00f6s johdatukseksi ja hakuteokseksi harrastajille, jotka kaipaavat hieman perusteellisempia tietoja kuin yleistajuiset teokset ja havainto-oppaat tarjoavat. Teoksesta saa perusteellisen kuvan t\u00e4m\u00e4n hetken t\u00e4htitieteest\u00e4.<\/p>\n<p>Uudistettu ja laajennettu kuudes laitos sis\u00e4lt\u00e4\u00e4 uutta tietoa mm. eksoplaneetoista, galakseista, kosmologiasta ja omasta aurinkokunnastamme.<\/p>\n<p>T\u00e4htitieteen perusteiden englanninkielinen versio (kustantaja Springer Verlag) on maailmalla laajalti k\u00e4yt\u00f6ss\u00e4 t\u00e4htitieteen perusoppikirjana, ja sit\u00e4 ollaan uudistamassa niin, ett\u00e4 sen kuudes laitos vastaa sis\u00e4ll\u00f6lt\u00e4\u00e4n t\u00e4t\u00e4 suomenkielist\u00e4 laitosta. T\u00e4htitieteen perusteet on aiemmin k\u00e4\u00e4nnetty my\u00f6s saksaksi ja koreaksi.<\/p>\n<p><a href=\"https:\/\/kauppa.ursa.fi\/kauppa\/tahtitieteen-perusteet\/\">Korjauksia kuudenteen laitokseen<\/a><\/p>\n","protected":false},"excerpt":{"rendered":"<p>Huom! Kovakantinen laitos loppuunmyyty, pehme\u00e4kantinen kirja l\u00f6ytyy <span style=\"color: #3366ff;\"><strong><a style=\"color: #3366ff;\" href=\"https:\/\/kauppa.ursa.fi\/kauppa\/tuote\/tahtitieteen-perusteet-6-laitos-pk\/\">t\u00e4\u00e4lt\u00e4<\/a><\/strong><\/span>.<\/p>\n","protected":false},"featured_media":8748,"comment_status":"open","ping_status":"closed","template":"","meta":[],"product_brand":[],"product_cat":[8],"product_tag":[],"class_list":{"0":"post-8325","1":"product","2":"type-product","3":"status-publish","4":"has-post-thumbnail","6":"product_cat-tahtitiede","7":"product_shipping_class-kirjakauppa","8":"pa_hintavaihtoehdot-jasenhinta","9":"pa_hintavaihtoehdot-suositushinta","10":"pa_isbn-1755","11":"pa_sidontamalli-sidottu","12":"pa_sivumaara-1778","13":"pa_tekija-karttunen-donner-kroger-oja-ja-poutanen-toim","15":"first","16":"instock","17":"taxable","18":"shipping-taxable","19":"purchasable","20":"product-type-variable","21":"has-default-attributes"},"exclude_global_add_ons":[],"addons":[],"_links":{"self":[{"href":"https:\/\/kauppa.ursa.fi\/kauppa\/wp-json\/wp\/v2\/product\/8325","targetHints":{"allow":["GET"]}}],"collection":[{"href":"https:\/\/kauppa.ursa.fi\/kauppa\/wp-json\/wp\/v2\/product"}],"about":[{"href":"https:\/\/kauppa.ursa.fi\/kauppa\/wp-json\/wp\/v2\/types\/product"}],"replies":[{"embeddable":true,"href":"https:\/\/kauppa.ursa.fi\/kauppa\/wp-json\/wp\/v2\/comments?post=8325"}],"wp:featuredmedia":[{"embeddable":true,"href":"https:\/\/kauppa.ursa.fi\/kauppa\/wp-json\/wp\/v2\/media\/8748"}],"wp:attachment":[{"href":"https:\/\/kauppa.ursa.fi\/kauppa\/wp-json\/wp\/v2\/media?parent=8325"}],"wp:term":[{"taxonomy":"product_brand","embeddable":true,"href":"https:\/\/kauppa.ursa.fi\/kauppa\/wp-json\/wp\/v2\/product_brand?post=8325"},{"taxonomy":"product_cat","embeddable":true,"href":"https:\/\/kauppa.ursa.fi\/kauppa\/wp-json\/wp\/v2\/product_cat?post=8325"},{"taxonomy":"product_tag","embeddable":true,"href":"https:\/\/kauppa.ursa.fi\/kauppa\/wp-json\/wp\/v2\/product_tag?post=8325"}],"curies":[{"name":"wp","href":"https:\/\/api.w.org\/{rel}","templated":true}]}}