 

{"id":92859,"date":"2024-02-26T11:07:09","date_gmt":"2024-02-26T09:07:09","guid":{"rendered":"https:\/\/kauppa.ursa.fi\/kauppa\/?post_type=product&#038;p=92859"},"modified":"2025-06-08T00:59:46","modified_gmt":"2025-06-07T21:59:46","slug":"pientarvikelaukku","status":"publish","type":"product","link":"https:\/\/kauppa.ursa.fi\/kauppa\/tuote\/pientarvikelaukku\/","title":{"rendered":"Pientarvikelaukku"},"content":{"rendered":"<p>Pieni ja k\u00e4tev\u00e4 olalla kuljetettava laukku. Lis\u00e4\u00e4 kuvausta tulossa.<\/p>\n","protected":false},"excerpt":{"rendered":"<p>Pieni ja ketter\u00e4 olalla kuljetettava laukku. Sopii pienille kiikareille, okulaareille ja lis\u00e4varusteille.<\/p>\n","protected":false},"featured_media":92894,"comment_status":"closed","ping_status":"closed","template":"","meta":[],"product_brand":[],"product_cat":[1872,2166,16],"product_tag":[],"class_list":{"0":"post-92859","1":"product","2":"type-product","3":"status-publish","4":"has-post-thumbnail","6":"product_cat-apuvalineitaalkuun","7":"product_cat-laukut","8":"product_cat-lisavarusteet","9":"product_shipping_class-lisavaruste","10":"pa_hintavaihtoehdot-jasenhinta","11":"pa_hintavaihtoehdot-suositushinta","13":"first","14":"instock","15":"taxable","16":"shipping-taxable","17":"purchasable","18":"product-type-variable"},"exclude_global_add_ons":[],"addons":[],"_links":{"self":[{"href":"https:\/\/kauppa.ursa.fi\/kauppa\/wp-json\/wp\/v2\/product\/92859","targetHints":{"allow":["GET"]}}],"collection":[{"href":"https:\/\/kauppa.ursa.fi\/kauppa\/wp-json\/wp\/v2\/product"}],"about":[{"href":"https:\/\/kauppa.ursa.fi\/kauppa\/wp-json\/wp\/v2\/types\/product"}],"replies":[{"embeddable":true,"href":"https:\/\/kauppa.ursa.fi\/kauppa\/wp-json\/wp\/v2\/comments?post=92859"}],"wp:featuredmedia":[{"embeddable":true,"href":"https:\/\/kauppa.ursa.fi\/kauppa\/wp-json\/wp\/v2\/media\/92894"}],"wp:attachment":[{"href":"https:\/\/kauppa.ursa.fi\/kauppa\/wp-json\/wp\/v2\/media?parent=92859"}],"wp:term":[{"taxonomy":"product_brand","embeddable":true,"href":"https:\/\/kauppa.ursa.fi\/kauppa\/wp-json\/wp\/v2\/product_brand?post=92859"},{"taxonomy":"product_cat","embeddable":true,"href":"https:\/\/kauppa.ursa.fi\/kauppa\/wp-json\/wp\/v2\/product_cat?post=92859"},{"taxonomy":"product_tag","embeddable":true,"href":"https:\/\/kauppa.ursa.fi\/kauppa\/wp-json\/wp\/v2\/product_tag?post=92859"}],"curies":[{"name":"wp","href":"https:\/\/api.w.org\/{rel}","templated":true}]}}