 

{"id":93366,"date":"2024-04-05T10:11:22","date_gmt":"2024-04-05T07:11:22","guid":{"rendered":"https:\/\/kauppa.ursa.fi\/kauppa\/?post_type=product&#038;p=93366"},"modified":"2026-04-08T12:10:10","modified_gmt":"2026-04-08T09:10:10","slug":"matka-mustaan-aukkoon-pehmeakantinen","status":"publish","type":"product","link":"https:\/\/kauppa.ursa.fi\/kauppa\/tuote\/matka-mustaan-aukkoon-pehmeakantinen\/","title":{"rendered":"Matka mustaan aukkoon (pehme\u00e4kantinen)"},"content":{"rendered":"<p><i><span style=\"font-weight: 400;\">Mustat aukot ovat maailmankaikkeuden muodostavaan aika-avaruuden kudelmaan puhjenneita reiki\u00e4. Ne nielev\u00e4t sis\u00e4\u00e4ns\u00e4 kaiken, mik\u00e4 ylitt\u00e4\u00e4 mustia aukkoja ymp\u00e4r\u00f6iv\u00e4n tapahtumahorisontiksi kutsutun rajapinnan.<\/span><\/i><\/p>\n<p><span style=\"font-weight: 400;\">Mustien aukkojen tutkimus on edistynyt viime aikoina huimasti. Osaamme kuunnella mustia aukkoja avaruutta taivuttavien gravitaatioaaltojen avulla, seurata t\u00e4htien liikett\u00e4 supermassiivisten mustien aukkojen ymp\u00e4rill\u00e4 ja valokuvata mustan aukon varjon sen tulisena hehkuvaa kertym\u00e4kiekkoa vasten.<\/span><\/p>\n<p><span style=\"font-weight: 400;\">Mustista aukoista tiedet\u00e4\u00e4n paljon, mutta nykyinen tiet\u00e4mys loppuu viimeist\u00e4\u00e4n tapahtumahorisonttiin. Sen toiselta puolelta tutkijoilla on paljon arvauksia, mutta ei viel\u00e4 tietoa. Mist\u00e4 mustat aukot ovat tulleet, mihin ne johtavat ja mit\u00e4 niiden olemassaolo kertoo luonnon syvimmist\u00e4 lainalaisuuksista?<\/span><\/p>\n<p><span style=\"font-weight: 400;\">Teoreettinen fyysikko Tommi Tenkanen kertoo, kuinka mustien aukkojen tutkimus yhdist\u00e4\u00e4 aineen pienimpi\u00e4 mittakaavoja tutkivan hiukkasfysiikan ja koko maailmankaikkeutta tutkivan kosmologian.<\/span><\/p>\n<p><strong><a href=\"https:\/\/www.youtube.com\/watch?v=Q5Mleey6BPI&amp;list=PLZ9sWJjR_MfH28kQXzELaKI1p5_Ceoqzf&amp;index=13\" target=\"_blank\" rel=\"noopener\">Tommi Tenkasen haastattelu<\/a><\/strong><br \/>\n(osa Ursan T\u00e4htilive-ohjelmaa Helsingin kirjamessuilta 2021)<\/p>\n<p><iframe loading=\"lazy\" title=\"T\u00e4htilive: Tommi Tenkanen\" width=\"1140\" height=\"641\" src=\"https:\/\/www.youtube.com\/embed\/Q5Mleey6BPI?list=PLZ9sWJjR_MfH28kQXzELaKI1p5_Ceoqzf\" frameborder=\"0\" allow=\"accelerometer; autoplay; clipboard-write; encrypted-media; gyroscope; picture-in-picture; web-share\" referrerpolicy=\"strict-origin-when-cross-origin\" allowfullscreen><\/iframe><\/p>\n","protected":false},"excerpt":{"rendered":"<p><span style=\"font-weight: 400;\"><strong>Uusi painos kartonkikantisena!<br \/>\n<\/strong>Mit\u00e4 mustista aukoista tiedet\u00e4\u00e4n ja miten niit\u00e4 tutkitaan?<\/span><\/p>\n","protected":false},"featured_media":49572,"comment_status":"open","ping_status":"closed","template":"","meta":[],"product_brand":[],"product_cat":[2346,6,10,8],"product_tag":[],"class_list":{"0":"post-93366","1":"product","2":"type-product","3":"status-publish","4":"has-post-thumbnail","6":"product_cat-avaruusfanille","7":"product_cat-kirjakauppa","8":"product_cat-muut-tietokirjat","9":"product_cat-tahtitiede","10":"product_shipping_class-kirjakauppa","11":"pa_hintavaihtoehdot-jasenhinta","12":"pa_hintavaihtoehdot-suositushinta","13":"pa_isbn-2268","14":"pa_sivumaara-1696","16":"first","17":"instock","18":"taxable","19":"shipping-taxable","20":"purchasable","21":"product-type-variable"},"exclude_global_add_ons":[],"addons":[],"_links":{"self":[{"href":"https:\/\/kauppa.ursa.fi\/kauppa\/wp-json\/wp\/v2\/product\/93366","targetHints":{"allow":["GET"]}}],"collection":[{"href":"https:\/\/kauppa.ursa.fi\/kauppa\/wp-json\/wp\/v2\/product"}],"about":[{"href":"https:\/\/kauppa.ursa.fi\/kauppa\/wp-json\/wp\/v2\/types\/product"}],"replies":[{"embeddable":true,"href":"https:\/\/kauppa.ursa.fi\/kauppa\/wp-json\/wp\/v2\/comments?post=93366"}],"wp:featuredmedia":[{"embeddable":true,"href":"https:\/\/kauppa.ursa.fi\/kauppa\/wp-json\/wp\/v2\/media\/49572"}],"wp:attachment":[{"href":"https:\/\/kauppa.ursa.fi\/kauppa\/wp-json\/wp\/v2\/media?parent=93366"}],"wp:term":[{"taxonomy":"product_brand","embeddable":true,"href":"https:\/\/kauppa.ursa.fi\/kauppa\/wp-json\/wp\/v2\/product_brand?post=93366"},{"taxonomy":"product_cat","embeddable":true,"href":"https:\/\/kauppa.ursa.fi\/kauppa\/wp-json\/wp\/v2\/product_cat?post=93366"},{"taxonomy":"product_tag","embeddable":true,"href":"https:\/\/kauppa.ursa.fi\/kauppa\/wp-json\/wp\/v2\/product_tag?post=93366"}],"curies":[{"name":"wp","href":"https:\/\/api.w.org\/{rel}","templated":true}]}}