 

{"id":9366,"date":"2016-04-18T09:49:31","date_gmt":"2016-04-18T06:49:31","guid":{"rendered":"https:\/\/kauppa.ursa.fi\/kauppa\/?post_type=product&#038;p=9366"},"modified":"2019-05-24T11:25:39","modified_gmt":"2019-05-24T08:25:39","slug":"mustan-aukon-blues","status":"publish","type":"product","link":"https:\/\/kauppa.ursa.fi\/kauppa\/tuote\/mustan-aukon-blues\/","title":{"rendered":"Mustan aukon blues"},"content":{"rendered":"<p>Helmikuussa 2016 julkaistiin maailman ensimm\u00e4inen suora havainto\u00a0 gravitaatioaalloista. Albert Einstein oli ennustanut aallot yleisess\u00e4 suhteellisuusteoriassaan jo vuonna 1915, mutta kesti sata vuotta ennen kuin niit\u00e4 onnistuttiin havaitsemaan.<\/p>\n<p>Mustat aukot ovat n\u00e4kym\u00e4tt\u00f6mi\u00e4. Niiden yhteent\u00f6rm\u00e4ys ei valaise taivasta, vaikka tapahtumassa vapautuva energian m\u00e4\u00e4r\u00e4 on valtava. Sen sijaan rys\u00e4yksess\u00e4 vapautunut energia levi\u00e4\u00e4 aika-avaruuteen<br \/>\ngravitaatioaaltoina, joista oli aiemmin saatu vain ep\u00e4suoraa vihi\u00e4. Advanced LIGO -interferometri onnistui kuitenkin kuulemaan yhden t\u00f6rm\u00e4yksen viime syksyn\u00e4.<\/p>\n<p>Kaikki tietomme maailmankaikkeudesta on t\u00e4h\u00e4n asti perustunut s\u00e4hk\u00f6magneettisen s\u00e4teilyn, kuten n\u00e4kyv\u00e4n valon, havainnointiin. Gravitaatioaaltojen l\u00f6ytyminen avaa kokonaan uuden tutkimusalan. Niit\u00e4 seuraamalla havaitaan asioita, joista meill\u00e4 ei aiemmin ollut mit\u00e4\u00e4n tietoa.<\/p>\n<p>LIGOn tekem\u00e4\u00e4n l\u00f6yt\u00f6\u00f6n johtanut hanke alkoi viisikymment\u00e4 vuotta sitten. Tuolloin ei tiedetty, onko mustia aukkoja tai gravitaatioaaltoja olemassa. Kirjassaan Janna Levin kertoo tarinan p\u00e4\u00e4h\u00e4npinttymist\u00e4, toiveista ja vastuksista, joita hankkeen alulle panneet tutkijat kohtasivat. Vaikeasti tavoitettavien aaltojen etsiminen alkoi ajatusleikist\u00e4, mutta muuttui kunnianhimoiseksi el\u00e4m\u00e4n mittaiseksi seikkailuksi hankkeen p\u00e4\u00e4arkkitehdeille Rainer Weissille, Kip Thornelle ja Ron Dreverille.<\/p>\n<p>Janna Levin on Columbia Universityn fysiikan ja t\u00e4htitieteen professori sek\u00e4 palkittu tietokirjailija. Kirjassaan h\u00e4n p\u00e4\u00e4st\u00e4\u00e4 tutkijat itse \u00e4\u00e4neen ja luo vivahteikkaan ja el\u00e4v\u00e4n kuvauksen niin onnistumisista kuin kiistoistakin, jotka v\u00e4lill\u00e4 uhkasivat horjuttaa koko projektia.<\/p>\n<h3>Kirjasta sanottua<\/h3>\n<p><a href=\"https:\/\/kauppa.ursa.fi\/kauppa\/wp-content\/uploads\/2016\/11\/MAB_TA0516.pdf\" target=\"_blank\" rel=\"noopener noreferrer\"><img loading=\"lazy\" decoding=\"async\" class=\"size-full wp-image-11736 alignleft\" src=\"https:\/\/kauppa.ursa.fi\/kauppa\/wp-content\/uploads\/2016\/11\/arvionappi_p.png\" alt=\"arvionappi_p\" width=\"85\" height=\"60\" \/><\/a><span style=\"color: #3366ff\"><a style=\"color: #3366ff\" href=\"https:\/\/kauppa.ursa.fi\/kauppa\/wp-content\/uploads\/2016\/11\/MAB_TA0516.pdf\" target=\"_blank\" rel=\"noopener noreferrer\"> Tutkija Tiera Laitisen arvio<br \/>\nT\u00e4hdet ja avaruus 5\/2016<\/a><\/span><\/p>\n<p>&nbsp;<\/p>\n<p>Arvio <span style=\"color: #3366ff\"><a style=\"color: #3366ff\" href=\"http:\/\/www.hs.fi\/tiede\/a1466048734199\" target=\"_blank\" rel=\"noopener noreferrer\">Helsingin Sanomissa<\/a><\/span><\/p>\n<p>Arvio <span style=\"color: #3366ff\"><a style=\"color: #3366ff\" href=\"http:\/\/www.aamulehti.fi\/kotimaa\/universumilta-ei-saa-mitaan-ilmaiseksi-ei-ainakaan-gravitaatioaaltoja-23804542\/\" target=\"_blank\" rel=\"noopener noreferrer\">Aamulehdess\u00e4<\/a><\/span><\/p>\n<p>Arvio <span style=\"color: #3366ff\"><a style=\"color: #3366ff\" href=\"http:\/\/www.ts.fi\/kulttuuri\/kirjat\/2852141\/Kirjaarviot+Kosmos+on+soinut+jo+kahdesti\" target=\"_blank\" rel=\"noopener noreferrer\">Turun Sanomissa<\/a><\/span><\/p>\n<p>Arvio<span style=\"color: #3366ff\"><a style=\"color: #3366ff\" href=\"http:\/\/www.nytimes.com\/2016\/04\/24\/books\/review\/maria-popova-reviews-janna-levins-black-hole-blues.html\" target=\"_blank\" rel=\"noopener noreferrer\"> New York Timesissa<\/a><\/span><\/p>\n","protected":false},"excerpt":{"rendered":"<p><strong>Vuoden 2017 Fysiikan Nobel-palkinto jaettiin gravitaatioaaltojen l\u00f6yt\u00e4jille!<\/strong><\/p>\n<p>Mustien aukkojen t\u00f6rm\u00e4ys ei valaise taivasta, vaan rys\u00e4yksess\u00e4 vapautunut valtava energia levi\u00e4\u00e4 avaruutta vavisuttavina gravitaatioaaltoina. Ainoa todiste t\u00f6rm\u00e4yksest\u00e4 on soiva avaruus.<\/p>\n<p>Albert Einstein ennusti gravitaatioaaltojen olemassaolon jo sata vuotta sitten, mutta vasta kilometrien mittaisilla LIGO-interferometreill\u00e4 ne onnistuttiin ensimm\u00e4ist\u00e4 kertaa havaitsemaan suoraan.<\/p>\n<p>Janna Levin p\u00e4\u00e4st\u00e4\u00e4 LIGOn aikaansaaneet ihmiset \u00e4\u00e4neen ja luo vivahteikkaan ja el\u00e4v\u00e4n kertomuksen vaikeasti tavoitettavien aaltojen etsinn\u00e4st\u00e4. Tarina paljastaa ajatusleikist\u00e4 kummunneen l\u00f6yt\u00f6retken inhimillisen puolen, jossa niin politiikka, raha kuin henkil\u00f6suhteet n\u00e4yttelev\u00e4t suurta osaa.<\/p>\n","protected":false},"featured_media":10487,"comment_status":"open","ping_status":"closed","template":"","meta":[],"product_brand":[],"product_cat":[6,8],"product_tag":[],"class_list":{"0":"post-9366","1":"product","2":"type-product","3":"status-publish","4":"has-post-thumbnail","6":"product_cat-kirjakauppa","7":"product_cat-tahtitiede","8":"product_shipping_class-kirjakauppa","9":"pa_hintavaihtoehdot-jasenhinta","10":"pa_hintavaihtoehdot-suositushinta","11":"pa_isbn-1781","12":"pa_issn-ursan-julkaisuja-147","13":"pa_sivumaara-236-sivua","14":"pa_tekija-janna-levin","16":"first","17":"instock","18":"featured","19":"taxable","20":"shipping-taxable","21":"purchasable","22":"product-type-variable","23":"has-default-attributes"},"exclude_global_add_ons":[],"addons":[],"_links":{"self":[{"href":"https:\/\/kauppa.ursa.fi\/kauppa\/wp-json\/wp\/v2\/product\/9366","targetHints":{"allow":["GET"]}}],"collection":[{"href":"https:\/\/kauppa.ursa.fi\/kauppa\/wp-json\/wp\/v2\/product"}],"about":[{"href":"https:\/\/kauppa.ursa.fi\/kauppa\/wp-json\/wp\/v2\/types\/product"}],"replies":[{"embeddable":true,"href":"https:\/\/kauppa.ursa.fi\/kauppa\/wp-json\/wp\/v2\/comments?post=9366"}],"wp:featuredmedia":[{"embeddable":true,"href":"https:\/\/kauppa.ursa.fi\/kauppa\/wp-json\/wp\/v2\/media\/10487"}],"wp:attachment":[{"href":"https:\/\/kauppa.ursa.fi\/kauppa\/wp-json\/wp\/v2\/media?parent=9366"}],"wp:term":[{"taxonomy":"product_brand","embeddable":true,"href":"https:\/\/kauppa.ursa.fi\/kauppa\/wp-json\/wp\/v2\/product_brand?post=9366"},{"taxonomy":"product_cat","embeddable":true,"href":"https:\/\/kauppa.ursa.fi\/kauppa\/wp-json\/wp\/v2\/product_cat?post=9366"},{"taxonomy":"product_tag","embeddable":true,"href":"https:\/\/kauppa.ursa.fi\/kauppa\/wp-json\/wp\/v2\/product_tag?post=9366"}],"curies":[{"name":"wp","href":"https:\/\/api.w.org\/{rel}","templated":true}]}}