 

{"id":95782,"date":"2024-06-25T14:59:18","date_gmt":"2024-06-25T11:59:18","guid":{"rendered":"https:\/\/kauppa.ursa.fi\/kauppa\/?post_type=product&#038;p=95782"},"modified":"2026-04-08T12:10:10","modified_gmt":"2026-04-08T09:10:10","slug":"kesyt-ja-villit-tahdet","status":"publish","type":"product","link":"https:\/\/kauppa.ursa.fi\/kauppa\/tuote\/kesyt-ja-villit-tahdet\/","title":{"rendered":"Kesyt ja villit t\u00e4hdet"},"content":{"rendered":"<p>T\u00e4htitiede on nimens\u00e4 mukaisesti oppi t\u00e4hdist\u00e4, y\u00f6taivaan loistavista jalokivist\u00e4. T\u00e4hdet ovat taivaan perusyksik\u00f6it\u00e4. Vaikka ne n\u00e4ytt\u00e4v\u00e4t kaukaisilta ja saavuttamattomilta, niiden salaisuuksia on pystytty selvitt\u00e4m\u00e4\u00e4n. T\u00e4htitaivaan seesteisen pinnan takaa on l\u00f6ydetty kokonainen uusi, villi maailma.<\/p>\n<p>Kaikki t\u00e4hdet eiv\u00e4t ole samanlaisia, vaan niill\u00e4 on hyvin erilaisia elinkaaria ja kohtaloita. Kirjassa esitell\u00e4\u00e4n muun muassa planetaariset sumut, novat, supernovat, valkoiset k\u00e4\u00e4pi\u00f6t, neutronit\u00e4hdet, mustat aukot, pulsarit, magnetarit, Wolf-Rayet-t\u00e4hdet ja monta muuta t\u00e4htim\u00e4ist\u00e4 kohdetta.<\/p>\n<p>T\u00e4htien maailmasta on viime vuosina l\u00f6ydetty paljon uutta. On esimerkiksi huomattu, ett\u00e4 raskaimmat alkuaineet, kuten kulta ja platina, voivat synty\u00e4 vain neutronit\u00e4htien t\u00f6rm\u00e4yksiss\u00e4. On l\u00f6ydetty gravitaatioaallot ja havaittu kymmeni\u00e4 mustien aukkojen yhteensulautumisia. On keksitty my\u00f6s t\u00e4htien yhteiskuorivaihe, jossa pieni t\u00e4hti kiert\u00e4\u00e4 satoja vuosia j\u00e4ttil\u00e4ist\u00e4hden kaasukeh\u00e4ss\u00e4, ajautuu hiljalleen syvemm\u00e4lle kohti j\u00e4ttil\u00e4isen ydint\u00e4 ja sy\u00f6 samalla j\u00e4ttil\u00e4ist\u00e4 rikki.<\/p>\n<p>Professori <strong>Heikki Oja<\/strong> on palkittu tietokirjailija ja opettanut t\u00e4htitiedett\u00e4 pitk\u00e4\u00e4n Helsingin yliopistossa.<\/p>\n","protected":false},"excerpt":{"rendered":"<p class=\"p1\">T\u00e4hdet ovat taivaan perusyksik\u00f6it\u00e4. Vaikka ne n\u00e4ytt\u00e4v\u00e4t kaukaisilta ja saavuttamattomilta, niiden salaisuudet on pystytty selvitt\u00e4m\u00e4\u00e4n. T\u00e4htitaivaan rauhallisen pinnan alta on l\u00f6ydetty kokonainen uusi, villi maisema.<\/p>\n","protected":false},"featured_media":95781,"comment_status":"open","ping_status":"closed","template":"","meta":[],"product_brand":[],"product_cat":[2346,6,8,2108],"product_tag":[],"class_list":{"0":"post-95782","1":"product","2":"type-product","3":"status-publish","4":"has-post-thumbnail","6":"product_cat-avaruusfanille","7":"product_cat-kirjakauppa","8":"product_cat-tahtitiede","9":"product_cat-uncategorized","10":"product_shipping_class-kirjakauppa","11":"pa_hintavaihtoehdot-jasenhinta","12":"pa_hintavaihtoehdot-suositushinta","13":"pa_isbn-2271","14":"pa_sivumaara-611","16":"first","17":"instock","18":"taxable","19":"shipping-taxable","20":"purchasable","21":"product-type-variable"},"exclude_global_add_ons":[],"addons":[],"_links":{"self":[{"href":"https:\/\/kauppa.ursa.fi\/kauppa\/wp-json\/wp\/v2\/product\/95782","targetHints":{"allow":["GET"]}}],"collection":[{"href":"https:\/\/kauppa.ursa.fi\/kauppa\/wp-json\/wp\/v2\/product"}],"about":[{"href":"https:\/\/kauppa.ursa.fi\/kauppa\/wp-json\/wp\/v2\/types\/product"}],"replies":[{"embeddable":true,"href":"https:\/\/kauppa.ursa.fi\/kauppa\/wp-json\/wp\/v2\/comments?post=95782"}],"wp:featuredmedia":[{"embeddable":true,"href":"https:\/\/kauppa.ursa.fi\/kauppa\/wp-json\/wp\/v2\/media\/95781"}],"wp:attachment":[{"href":"https:\/\/kauppa.ursa.fi\/kauppa\/wp-json\/wp\/v2\/media?parent=95782"}],"wp:term":[{"taxonomy":"product_brand","embeddable":true,"href":"https:\/\/kauppa.ursa.fi\/kauppa\/wp-json\/wp\/v2\/product_brand?post=95782"},{"taxonomy":"product_cat","embeddable":true,"href":"https:\/\/kauppa.ursa.fi\/kauppa\/wp-json\/wp\/v2\/product_cat?post=95782"},{"taxonomy":"product_tag","embeddable":true,"href":"https:\/\/kauppa.ursa.fi\/kauppa\/wp-json\/wp\/v2\/product_tag?post=95782"}],"curies":[{"name":"wp","href":"https:\/\/api.w.org\/{rel}","templated":true}]}}