 

{"id":96499,"date":"2024-08-23T15:13:44","date_gmt":"2024-08-23T12:13:44","guid":{"rendered":"https:\/\/kauppa.ursa.fi\/kauppa\/?post_type=product&#038;p=96499"},"modified":"2026-04-14T13:03:56","modified_gmt":"2026-04-14T10:03:56","slug":"painovoima","status":"publish","type":"product","link":"https:\/\/kauppa.ursa.fi\/kauppa\/tuote\/painovoima\/","title":{"rendered":"Painovoima"},"content":{"rendered":"<p>Painovoima ohjaa ja hallitsee maailmankaikkeuden tapahtumia enemm\u00e4n kuin mik\u00e4\u00e4n muu.<\/p>\n<p>T\u00e4m\u00e4 on painovoiman eli gravitaation tarina. Ihmiskunta v\u00e4hitellen on oppinut ymm\u00e4rt\u00e4m\u00e4\u00e4n painovoimaa ja sen my\u00f6t\u00e4 maailmankaikkeutta. Gravitaatio on suuressa mittakaavassa monella tapaa maailmaa py\u00f6ritt\u00e4v\u00e4 voima, vaikka se on luonnon nelj\u00e4st\u00e4 perusvoimasta kaikkein heikoin.<\/p>\n<p>Esivanhempamme n\u00e4kiv\u00e4t taivaalta Auringon, Kuun ja t\u00e4hti\u00e4. Gravitaation suhteen he olivat korkeintaan kokemusasiantuntijoita. Nyt tied\u00e4mme, miten t\u00e4hdet syntyv\u00e4t ja miten ne kuolevat. Olemme ennustaneet mustat aukot ja n\u00e4hneet niit\u00e4. Tied\u00e4mme maailmankaikkeutemme syntyneen alkur\u00e4j\u00e4hdyksess\u00e4 13,8 miljardia vuotta sitten ja tied\u00e4mme sen laajenevan kiihtyv\u00e4\u00e4 vauhtia. Osaamme my\u00f6s kertoa, mit\u00e4 sille tapahtuu tulevina vuosimiljardeina. Kaikkea t\u00e4t\u00e4 hallitsee painovoima.<\/p>\n<p>Oman osansa gravitaation tarinaan tuovat tieteen suuret nimet Aristoteleesta Einsteiniin ja Hawkingiin sek\u00e4 monet muut. Nimilista tulee jatkumaan, sill\u00e4 j\u00e4ljell\u00e4 on viel\u00e4 paljon avoimia kysymyksi\u00e4. Kirjassa valotetaankin, millaisten kysymyksien parissa nykyajan tutkijat tekev\u00e4t ty\u00f6t\u00e4\u00e4n.<\/p>\n<p>Jukka Maalampi on fysiikan professori emeritus ja tiedonjulkistamisen valtionpalkinnolla palkittu tietokirjailija.<\/p>\n","protected":false},"excerpt":{"rendered":"<p>Kuinka ihminen on oppinut ymm\u00e4rt\u00e4m\u00e4\u00e4n maailmankaikkeutta.<\/p>\n","protected":false},"featured_media":96498,"comment_status":"open","ping_status":"closed","template":"","meta":[],"product_brand":[],"product_cat":[10,1692],"product_tag":[],"class_list":{"0":"post-96499","1":"product","2":"type-product","3":"status-publish","4":"has-post-thumbnail","6":"product_cat-muut-tietokirjat","7":"product_cat-uutuudet","8":"product_shipping_class-kirjakauppa","9":"pa_hintavaihtoehdot-jasenhinta","10":"pa_hintavaihtoehdot-suositushinta","11":"pa_isbn-2273","12":"pa_sivumaara-2274","13":"pa_tekija-jukka-maalampi","15":"first","16":"instock","17":"taxable","18":"shipping-taxable","19":"purchasable","20":"product-type-variable"},"exclude_global_add_ons":[],"addons":[],"_links":{"self":[{"href":"https:\/\/kauppa.ursa.fi\/kauppa\/wp-json\/wp\/v2\/product\/96499","targetHints":{"allow":["GET"]}}],"collection":[{"href":"https:\/\/kauppa.ursa.fi\/kauppa\/wp-json\/wp\/v2\/product"}],"about":[{"href":"https:\/\/kauppa.ursa.fi\/kauppa\/wp-json\/wp\/v2\/types\/product"}],"replies":[{"embeddable":true,"href":"https:\/\/kauppa.ursa.fi\/kauppa\/wp-json\/wp\/v2\/comments?post=96499"}],"wp:featuredmedia":[{"embeddable":true,"href":"https:\/\/kauppa.ursa.fi\/kauppa\/wp-json\/wp\/v2\/media\/96498"}],"wp:attachment":[{"href":"https:\/\/kauppa.ursa.fi\/kauppa\/wp-json\/wp\/v2\/media?parent=96499"}],"wp:term":[{"taxonomy":"product_brand","embeddable":true,"href":"https:\/\/kauppa.ursa.fi\/kauppa\/wp-json\/wp\/v2\/product_brand?post=96499"},{"taxonomy":"product_cat","embeddable":true,"href":"https:\/\/kauppa.ursa.fi\/kauppa\/wp-json\/wp\/v2\/product_cat?post=96499"},{"taxonomy":"product_tag","embeddable":true,"href":"https:\/\/kauppa.ursa.fi\/kauppa\/wp-json\/wp\/v2\/product_tag?post=96499"}],"curies":[{"name":"wp","href":"https:\/\/api.w.org\/{rel}","templated":true}]}}