 

{"id":96557,"date":"2024-10-17T11:18:27","date_gmt":"2024-10-17T08:18:27","guid":{"rendered":"https:\/\/kauppa.ursa.fi\/kauppa\/?post_type=product&#038;p=96557"},"modified":"2026-04-08T12:09:01","modified_gmt":"2026-04-08T09:09:01","slug":"ursalainen-t-paita","status":"publish","type":"product","link":"https:\/\/kauppa.ursa.fi\/kauppa\/tuote\/ursalainen-t-paita\/","title":{"rendered":"Ursalainen t-paita"},"content":{"rendered":"<p class=\"p1\">Kauan toivotut ursalaisten logopaidat ovat viimein tilattavissa! Paidat eiv\u00e4t tule pysyv\u00e4sti saataville, joten tilaa omasi nyt! Samalla tuet Ursan toimintaa. Paidat tulee ennakkotilata viimeist\u00e4\u00e4n 10.11.2024 ja ne toimitetaan joulukuun alkupuolella.<\/p>\n<p class=\"p1\">T-paidat ovat suomalaisen Pure Wasten mallistoa. Paita on suunniteltu kest\u00e4m\u00e4\u00e4n aikaa. Siin\u00e4 on suora malli ja pitk\u00e4 mitoitus. P\u00e4\u00e4ntiess\u00e4 on kapea resori.<\/p>\n<p>Valmistettu kierr\u00e4tetyist\u00e4 raaka-aineista:<br \/>\n&#8211; 60 % kierr\u00e4tetty\u00e4 puuvillaa<br \/>\n&#8211; 40 % kierr\u00e4tetty\u00e4 polyesteri\u00e4<\/p>\n<p>Huomioithan, ett\u00e4 paita kutistuu hieman ensimm\u00e4isen pesun j\u00e4lkeen.<\/p>\n","protected":false},"excerpt":{"rendered":"<p>Ursan logopaita. Tue Ursan toimintaa tilaamalla 100% kierr\u00e4tetyst\u00e4 materiaalista valmistettu Pure Waste t-paita.<\/p>\n<p><strong>Tilaa viimeist\u00e4\u00e4n 10.11.<br \/>\n<\/strong><\/p>\n<p>Tilaukset toimitetaan joulukuun alkupuolella.<\/p>\n","protected":false},"featured_media":97160,"comment_status":"open","ping_status":"closed","template":"","meta":[],"product_brand":[],"product_cat":[2344,1309,2346,2286,1868,2108],"product_tag":[],"class_list":{"0":"post-96557","1":"product","2":"type-product","3":"status-publish","4":"has-post-thumbnail","6":"product_cat-aloittelevalle-tahtiharrastajalle","7":"product_cat-jasenyys","8":"product_cat-avaruusfanille","9":"product_cat-jasentuotteet","10":"product_cat-lahjaideoita","11":"product_cat-uncategorized","12":"product_shipping_class-kirjakauppa","13":"pa_hintavaihtoehdot-jasenhinta","14":"pa_hintavaihtoehdot-suositushinta","15":"pa_koko-3xl","16":"pa_koko-4xl","17":"pa_koko-l","18":"pa_koko-m","19":"pa_koko-s","20":"pa_koko-xl","21":"pa_koko-xs","22":"pa_koko-xxl","24":"first","25":"instock","26":"taxable","27":"shipping-taxable","28":"purchasable","29":"product-type-variable"},"exclude_global_add_ons":[],"addons":[],"_links":{"self":[{"href":"https:\/\/kauppa.ursa.fi\/kauppa\/wp-json\/wp\/v2\/product\/96557","targetHints":{"allow":["GET"]}}],"collection":[{"href":"https:\/\/kauppa.ursa.fi\/kauppa\/wp-json\/wp\/v2\/product"}],"about":[{"href":"https:\/\/kauppa.ursa.fi\/kauppa\/wp-json\/wp\/v2\/types\/product"}],"replies":[{"embeddable":true,"href":"https:\/\/kauppa.ursa.fi\/kauppa\/wp-json\/wp\/v2\/comments?post=96557"}],"wp:featuredmedia":[{"embeddable":true,"href":"https:\/\/kauppa.ursa.fi\/kauppa\/wp-json\/wp\/v2\/media\/97160"}],"wp:attachment":[{"href":"https:\/\/kauppa.ursa.fi\/kauppa\/wp-json\/wp\/v2\/media?parent=96557"}],"wp:term":[{"taxonomy":"product_brand","embeddable":true,"href":"https:\/\/kauppa.ursa.fi\/kauppa\/wp-json\/wp\/v2\/product_brand?post=96557"},{"taxonomy":"product_cat","embeddable":true,"href":"https:\/\/kauppa.ursa.fi\/kauppa\/wp-json\/wp\/v2\/product_cat?post=96557"},{"taxonomy":"product_tag","embeddable":true,"href":"https:\/\/kauppa.ursa.fi\/kauppa\/wp-json\/wp\/v2\/product_tag?post=96557"}],"curies":[{"name":"wp","href":"https:\/\/api.w.org\/{rel}","templated":true}]}}