 

{"id":96593,"date":"2024-08-29T13:26:09","date_gmt":"2024-08-29T10:26:09","guid":{"rendered":"https:\/\/kauppa.ursa.fi\/kauppa\/?post_type=product&#038;p=96593"},"modified":"2026-04-08T12:09:01","modified_gmt":"2026-04-08T09:09:01","slug":"ursan-kangaskassi","status":"publish","type":"product","link":"https:\/\/kauppa.ursa.fi\/kauppa\/tuote\/ursan-kangaskassi\/","title":{"rendered":"Ursan kangaskassi"},"content":{"rendered":"<p>Ursan logolla varustettu kangaskassi on valmistettu 100 % GRS-sertifioidusta kierr\u00e4tyspuuvillasta. Se on erinomainen ostoskassiksi pienille ostoksille. Puuvillan materiaali 140 g\/m\u00b2 tekee kassista tukevan, pitk\u00e4ik\u00e4isen ja sopivan raskaiden esineiden kuljettamiseen. Kest\u00e4\u00e4 jopa 5kg painon. Kassia on helppo kantaa mukana sen 30 cm pitkist\u00e4 olkakahvoista. T\u00e4h\u00e4n kassiin k\u00e4ytetyt painatusmenetelm\u00e4t ovat my\u00f6s GRS sertifioituja, koko toimitusketju on l\u00e4pin\u00e4kyv\u00e4 ja sertifioitu.<\/p>\n","protected":false},"excerpt":{"rendered":"<p>Ursan logolla varustettu kangaskassi. Kassi on valmistettu 100% kierr\u00e4tetyst\u00e4 puuvillasta.<\/p>\n","protected":false},"featured_media":96596,"comment_status":"open","ping_status":"closed","template":"","meta":[],"product_brand":[],"product_cat":[2344,2346,2286,1868,12],"product_tag":[],"class_list":{"0":"post-96593","1":"product","2":"type-product","3":"status-publish","4":"has-post-thumbnail","6":"product_cat-aloittelevalle-tahtiharrastajalle","7":"product_cat-avaruusfanille","8":"product_cat-jasentuotteet","9":"product_cat-lahjaideoita","10":"product_cat-muut-tuotteet","11":"product_shipping_class-kirjakauppa","12":"pa_hintavaihtoehdot-jasenhinta","13":"pa_hintavaihtoehdot-suositushinta","14":"pa_koko-42cm-x-38cm","16":"first","17":"instock","18":"taxable","19":"shipping-taxable","20":"purchasable","21":"product-type-variable"},"exclude_global_add_ons":[],"addons":[],"_links":{"self":[{"href":"https:\/\/kauppa.ursa.fi\/kauppa\/wp-json\/wp\/v2\/product\/96593","targetHints":{"allow":["GET"]}}],"collection":[{"href":"https:\/\/kauppa.ursa.fi\/kauppa\/wp-json\/wp\/v2\/product"}],"about":[{"href":"https:\/\/kauppa.ursa.fi\/kauppa\/wp-json\/wp\/v2\/types\/product"}],"replies":[{"embeddable":true,"href":"https:\/\/kauppa.ursa.fi\/kauppa\/wp-json\/wp\/v2\/comments?post=96593"}],"wp:featuredmedia":[{"embeddable":true,"href":"https:\/\/kauppa.ursa.fi\/kauppa\/wp-json\/wp\/v2\/media\/96596"}],"wp:attachment":[{"href":"https:\/\/kauppa.ursa.fi\/kauppa\/wp-json\/wp\/v2\/media?parent=96593"}],"wp:term":[{"taxonomy":"product_brand","embeddable":true,"href":"https:\/\/kauppa.ursa.fi\/kauppa\/wp-json\/wp\/v2\/product_brand?post=96593"},{"taxonomy":"product_cat","embeddable":true,"href":"https:\/\/kauppa.ursa.fi\/kauppa\/wp-json\/wp\/v2\/product_cat?post=96593"},{"taxonomy":"product_tag","embeddable":true,"href":"https:\/\/kauppa.ursa.fi\/kauppa\/wp-json\/wp\/v2\/product_tag?post=96593"}],"curies":[{"name":"wp","href":"https:\/\/api.w.org\/{rel}","templated":true}]}}