 

{"id":9684,"date":"2016-05-27T10:02:26","date_gmt":"2016-05-27T07:02:26","guid":{"rendered":"https:\/\/kauppa.ursa.fi\/kauppa\/?post_type=product&#038;p=9684"},"modified":"2026-04-08T12:09:02","modified_gmt":"2026-04-08T09:09:02","slug":"lahjakortti","status":"publish","type":"product","link":"https:\/\/kauppa.ursa.fi\/kauppa\/tuote\/lahjakortti\/","title":{"rendered":"Lahjakortti"},"content":{"rendered":"<p>Ursan lahjakortti on voimassa 12 kk ostop\u00e4iv\u00e4st\u00e4 lukien, ja sen voi k\u00e4ytt\u00e4\u00e4 sek\u00e4 Ursan verkkokaupassa ett\u00e4 myym\u00e4l\u00e4ss\u00e4 Ursan myymiin tuotteisiin ja kursseihin. Lahjakortti on k\u00e4ytett\u00e4v\u00e4 kerralla, eik\u00e4 sit\u00e4 vaihdeta rahaksi. Lahjakortilla ei voi maksaa verkkokaupan toimituskuluja.<\/p>\n<p>Lahjakortti toimitetaan s\u00e4hk\u00f6postilla lahjan tilaajan s\u00e4hk\u00f6postiosoitteeseen heti kun tilaus on maksettu (maksutapa Paytrail). Lahjakortissa on kertak\u00e4ytt\u00f6inen koodi, jonka verkkokauppa tunnistaa automaattisesti. Sama koodi k\u00e4y my\u00f6s Ursan myym\u00e4l\u00e4ss\u00e4, ja lahjakortin voi esitt\u00e4\u00e4 vaikka puhelimen n\u00e4yt\u00f6lt\u00e4.<\/p>\n","protected":false},"excerpt":{"rendered":"<p>Helpoin lahja on lahjakortti! Ursan lahjakortti toimii sek\u00e4 Ursan verkkokaupassa ett\u00e4 myym\u00e4l\u00e4ss\u00e4 (Kopernikuksentie 1).<\/p>\n","protected":false},"featured_media":8455,"comment_status":"open","ping_status":"closed","template":"","meta":[],"product_brand":[],"product_cat":[2344,1309,2346,7,6,1868,1915,2345],"product_tag":[],"class_list":{"0":"post-9684","1":"product","2":"type-product","3":"status-publish","4":"has-post-thumbnail","6":"product_cat-aloittelevalle-tahtiharrastajalle","7":"product_cat-jasenyys","8":"product_cat-avaruusfanille","9":"product_cat-kaukoputkikauppa","10":"product_cat-kirjakauppa","11":"product_cat-lahjaideoita","12":"product_cat-lahjakortti","13":"product_cat-lahjaideat-lapsille-ja-nuorille","15":"first","16":"instock","17":"virtual","18":"purchasable","19":"product-type-simple"},"exclude_global_add_ons":false,"addons":[{"name":"Lahjakortti","type":"heading","position":0,"required":false,"title_format":"label","default":"","description_enable":false,"description":"","placeholder_enable":false,"placeholder":"","display":"select","restrictions_type":"any_text","adjust_price":false,"price":"","price_type":"flat_fee","restrictions":false,"min":"0","max":"0","options":[]},{"name":"Kirjoita t\u00e4h\u00e4n haluamasi lahjakortin arvo (v\u00e4h. 20 euroa)","type":"custom_price","position":1,"required":true,"title_format":"label","default":"","description_enable":false,"description":"","placeholder_enable":false,"placeholder":"","display":"select","restrictions_type":"any_text","adjust_price":false,"price":"","price_type":"quantity_based","restrictions":true,"min":"20","max":"0","options":[]}],"_links":{"self":[{"href":"https:\/\/kauppa.ursa.fi\/kauppa\/wp-json\/wp\/v2\/product\/9684","targetHints":{"allow":["GET"]}}],"collection":[{"href":"https:\/\/kauppa.ursa.fi\/kauppa\/wp-json\/wp\/v2\/product"}],"about":[{"href":"https:\/\/kauppa.ursa.fi\/kauppa\/wp-json\/wp\/v2\/types\/product"}],"replies":[{"embeddable":true,"href":"https:\/\/kauppa.ursa.fi\/kauppa\/wp-json\/wp\/v2\/comments?post=9684"}],"wp:featuredmedia":[{"embeddable":true,"href":"https:\/\/kauppa.ursa.fi\/kauppa\/wp-json\/wp\/v2\/media\/8455"}],"wp:attachment":[{"href":"https:\/\/kauppa.ursa.fi\/kauppa\/wp-json\/wp\/v2\/media?parent=9684"}],"wp:term":[{"taxonomy":"product_brand","embeddable":true,"href":"https:\/\/kauppa.ursa.fi\/kauppa\/wp-json\/wp\/v2\/product_brand?post=9684"},{"taxonomy":"product_cat","embeddable":true,"href":"https:\/\/kauppa.ursa.fi\/kauppa\/wp-json\/wp\/v2\/product_cat?post=9684"},{"taxonomy":"product_tag","embeddable":true,"href":"https:\/\/kauppa.ursa.fi\/kauppa\/wp-json\/wp\/v2\/product_tag?post=9684"}],"curies":[{"name":"wp","href":"https:\/\/api.w.org\/{rel}","templated":true}]}}