 

{"id":96878,"date":"2024-09-24T15:54:02","date_gmt":"2024-09-24T12:54:02","guid":{"rendered":"https:\/\/kauppa.ursa.fi\/kauppa\/?post_type=product&#038;p=96878"},"modified":"2026-04-08T12:03:31","modified_gmt":"2026-04-08T09:03:31","slug":"taivaantarkkailijan-kirja","status":"publish","type":"product","link":"https:\/\/kauppa.ursa.fi\/kauppa\/tuote\/taivaantarkkailijan-kirja\/","title":{"rendered":"Taivaantarkkailijan kirja"},"content":{"rendered":"<p>Miten taivaalla sikin sokin olevista t\u00e4hdist\u00e4 voi tajuta mit\u00e4\u00e4n? Kuinka planeetat erottaa t\u00e4hdist\u00e4? Mit\u00e4 maailmankaikkeudesta voi p\u00e4\u00e4tell\u00e4 katsomalla taivaalle? Mik\u00e4 on t\u00e4htitaivaan merkitys kulttuurillemme? Kaikki avaruusasiat eiv\u00e4t ole t\u00e4htitiedett\u00e4. Avaruudesta voi olla kiinnostunut monella eri tavalla.<\/p>\n<p>T\u00e4htitaivas on n\u00e4kym\u00e4mme avaruuteen: suuri kolmiulotteinen kattomaalaus, jossa hahmottuu t\u00e4htikuvioita ja erilaisia j\u00e4nnitt\u00e4vi\u00e4 yksityiskohtia. Se on osa ymp\u00e4rist\u00f6\u00e4mme ja osa jokap\u00e4iv\u00e4ist\u00e4 el\u00e4m\u00e4\u00e4mme. Sen tarkkaileminen on seikkailu, jonka j\u00e4lkeen puolet maisemasta n\u00e4ytt\u00e4ytyy uudella tavalla. N\u00e4kym\u00e4 taivaalle on aina inspiroinut ihmiskuntaa.<\/p>\n<p>Kirjassa kerrotaan miten voimme n\u00e4hd\u00e4 taivaalla niin maailmankaikkeuden rakenteen ja t\u00e4htien kehityksen kuin planeettamme muodon ja liikkeet, oman historiamme sek\u00e4 monet arkip\u00e4iv\u00e4n k\u00e4yt\u00e4nn\u00f6ist\u00e4: kalenterimme, kellonaikamme, sijaintimme ja p\u00e4iv\u00e4rytmimme.<\/p>\n<p>Tuukka Perhoniemi on avaruus\u00adfilosofi, joka on pit\u00e4nyt lukuisia Ursan kursseja ja vet\u00e4nyt satoja t\u00e4htiretki\u00e4 sek\u00e4 maastossa ett\u00e4 virtuaalisesti. Retkill\u00e4 k\u00e4ydyist\u00e4 keskusteluista ammentaen h\u00e4n opastaa taivaalle katselevia ja pohtii ihmisen suhdetta maailmankaikkeuteen.<\/p>\n<p><strong>Tieteen p\u00e4ivien 2025 Tietokirjaraadin voittaja!<\/strong><br \/>\n\u201dHurmaava teos, jonka kautta sai sukeltaa maailmankaikkeuteen.\u201d<br \/>\n\u201dKirjoitustyyli on vetoavaa ja sanat soljuivat.\u201d<\/p>\n","protected":false},"excerpt":{"rendered":"<p>Neuvoja t\u00e4htitaivaan hahmottamiseen eri vuorokauden- ja vuodenaikoina. Kirja avaa my\u00f6s mielenkiintoisen monipuolista ja usein arkistakin suhdettamme t\u00e4htitaivaaseen.<\/p>\n","protected":false},"featured_media":96852,"comment_status":"open","ping_status":"closed","template":"","meta":[],"product_brand":[],"product_cat":[2344,6,9,8,1692],"product_tag":[],"class_list":{"0":"post-96878","1":"product","2":"type-product","3":"status-publish","4":"has-post-thumbnail","6":"product_cat-aloittelevalle-tahtiharrastajalle","7":"product_cat-kirjakauppa","8":"product_cat-harrastuskirjat","9":"product_cat-tahtitiede","10":"product_cat-uutuudet","11":"product_shipping_class-kirjakauppa","12":"pa_hintavaihtoehdot-jasenhinta","13":"pa_hintavaihtoehdot-suositushinta","14":"pa_isbn-2288","15":"pa_sivumaara-78","17":"first","18":"instock","19":"taxable","20":"shipping-taxable","21":"purchasable","22":"product-type-variable"},"exclude_global_add_ons":[],"addons":[],"_links":{"self":[{"href":"https:\/\/kauppa.ursa.fi\/kauppa\/wp-json\/wp\/v2\/product\/96878","targetHints":{"allow":["GET"]}}],"collection":[{"href":"https:\/\/kauppa.ursa.fi\/kauppa\/wp-json\/wp\/v2\/product"}],"about":[{"href":"https:\/\/kauppa.ursa.fi\/kauppa\/wp-json\/wp\/v2\/types\/product"}],"replies":[{"embeddable":true,"href":"https:\/\/kauppa.ursa.fi\/kauppa\/wp-json\/wp\/v2\/comments?post=96878"}],"wp:featuredmedia":[{"embeddable":true,"href":"https:\/\/kauppa.ursa.fi\/kauppa\/wp-json\/wp\/v2\/media\/96852"}],"wp:attachment":[{"href":"https:\/\/kauppa.ursa.fi\/kauppa\/wp-json\/wp\/v2\/media?parent=96878"}],"wp:term":[{"taxonomy":"product_brand","embeddable":true,"href":"https:\/\/kauppa.ursa.fi\/kauppa\/wp-json\/wp\/v2\/product_brand?post=96878"},{"taxonomy":"product_cat","embeddable":true,"href":"https:\/\/kauppa.ursa.fi\/kauppa\/wp-json\/wp\/v2\/product_cat?post=96878"},{"taxonomy":"product_tag","embeddable":true,"href":"https:\/\/kauppa.ursa.fi\/kauppa\/wp-json\/wp\/v2\/product_tag?post=96878"}],"curies":[{"name":"wp","href":"https:\/\/api.w.org\/{rel}","templated":true}]}}