 

{"id":96883,"date":"2024-09-08T15:00:54","date_gmt":"2024-09-08T12:00:54","guid":{"rendered":"https:\/\/kauppa.ursa.fi\/kauppa\/?post_type=product&#038;p=96883"},"modified":"2025-06-25T11:53:43","modified_gmt":"2025-06-25T08:53:43","slug":"valkoiset-aukot","status":"publish","type":"product","link":"https:\/\/kauppa.ursa.fi\/kauppa\/tuote\/valkoiset-aukot\/","title":{"rendered":"Valkoiset aukot \u2013 horisontin sis\u00e4ll\u00e4"},"content":{"rendered":"<p>&#8221;Viime vuosina tutkimukseni on keskittynyt valkoisiin aukkoihin \u2013 noihin mustien aukkojen vaikeaselkoisiin nuorempiin sisaruksiin. T\u00e4m\u00e4 on kirjani valkoisista aukoista. Yrit\u00e4n parhaani mukaan selitt\u00e4\u00e4, mist\u00e4 lukuisissa havaitsemissamme mustissa aukoissa on kyse. Mit\u00e4 tapahtuu n\u00e4iden kummallisten t\u00e4htien \u00e4\u00e4rell\u00e4, niiden horisontissa, miss\u00e4 aika n\u00e4ytt\u00e4\u00e4 hidastuvan pys\u00e4hdyksiin saakka ja avaruus repeytyv\u00e4n. Ja niiden sisuksissa, niiden perimm\u00e4isiss\u00e4 syvyyksiss\u00e4, miss\u00e4 aika ja avaruus sulautuvat yhteen. Miss\u00e4 ajan suunta n\u00e4ytt\u00e4\u00e4 k\u00e4\u00e4ntyv\u00e4n. Miss\u00e4 valkoiset aukot syntyv\u00e4t.&#8221;<\/p>\n<p>Carlo Rovelli kirjoittaa vaikeasta aiheesta helppotajuisesti ja sivuuttaa teknisi\u00e4 yksityiskohtia v\u00e4litt\u00e4\u00e4kseen yleiskuvan teoriastaan valkoisista aukoista. Samalla h\u00e4n esittelee tutkijanty\u00f6n seikkailua ja ep\u00e4varmuutta ja iloa edet\u00e4 tuntemattomaan.<\/p>\n<p><strong>Carlo Rovelli<\/strong> on kansainv\u00e4lisesti tunnustettu teoreettinen fyysikko, joka tutkii kvanttigravitaatiota. H\u00e4n on my\u00f6s kirjoittanut useita bestsellereiksi nousseita teoksia, kuten <em>Seitsem\u00e4n lyhytt\u00e4 luentoa fysiikasta<\/em> ja <em>Ajan luonne<\/em>.<\/p>\n<p><em>&#8221;Kirjan lyhyydest\u00e4 huolimatta Rovelli ei v\u00e4lttele esittelem\u00e4st\u00e4 vaikeitakin k\u00e4sitteit\u00e4. H\u00e4n varoittaa, ett\u00e4 jotkut niist\u00e4 saattavat olla hieman h\u00e4mment\u00e4vi\u00e4. Minun on my\u00f6nnett\u00e4v\u00e4, ett\u00e4 olen edelleen hieman ep\u00e4varma sen suhteen, onko kyvytt\u00f6myyteni muistaa tulevaisuutta vain havaintoharha vai onko se perustavanlaatuinen seuraus taustalla olevasta fysiikasta. Rovelli vakuuttaa kuitenkin, ett\u00e4 t\u00e4ll\u00e4 ei todellakaan ole v\u00e4li\u00e4, t\u00e4rkeint\u00e4 on kokemus matkasta. Jos t\u00e4m\u00e4 on totta, niin kirja enemm\u00e4n kuin t\u00e4ytt\u00e4\u00e4 teht\u00e4v\u00e4ns\u00e4.\u00a0 &#8211; &#8211;\u00a0 Jos haluat muistaa, miksi ihastuit ajatukseen maailmankaikkeudesta tai haluat ihastua siihen ensimm\u00e4ist\u00e4 kertaa, t\u00e4m\u00e4 kirja on sinua varten. Omalta osaltani huomasin seuraavani Rovellia outoon ja upeaan uuteen universumiin ja olin eritt\u00e4in tyytyv\u00e4inen siell\u00e4<\/em>.&#8221; &#8211; Kevin Fong, The Guardian<\/p>\n","protected":false},"excerpt":{"rendered":"<p>Carlo Rovelli esittelee teoriaansa mustien aukkojen muuntumisesta valkoisiksi aukoiksi ja kuljettaa lukijan opastetulle kierrokselle mustaan aukkoon.<\/p>\n","protected":false},"featured_media":96850,"comment_status":"open","ping_status":"closed","template":"","meta":[],"product_brand":[],"product_cat":[6,10,1692],"product_tag":[],"class_list":{"0":"post-96883","1":"product","2":"type-product","3":"status-publish","4":"has-post-thumbnail","6":"product_cat-kirjakauppa","7":"product_cat-muut-tietokirjat","8":"product_cat-uutuudet","9":"product_shipping_class-kirjakauppa","10":"pa_hintavaihtoehdot-jasenhinta","11":"pa_hintavaihtoehdot-suositushinta","12":"pa_isbn-2289","13":"pa_sivumaara-78","15":"first","16":"instock","17":"taxable","18":"shipping-taxable","19":"purchasable","20":"product-type-variable"},"exclude_global_add_ons":[],"addons":[],"_links":{"self":[{"href":"https:\/\/kauppa.ursa.fi\/kauppa\/wp-json\/wp\/v2\/product\/96883","targetHints":{"allow":["GET"]}}],"collection":[{"href":"https:\/\/kauppa.ursa.fi\/kauppa\/wp-json\/wp\/v2\/product"}],"about":[{"href":"https:\/\/kauppa.ursa.fi\/kauppa\/wp-json\/wp\/v2\/types\/product"}],"replies":[{"embeddable":true,"href":"https:\/\/kauppa.ursa.fi\/kauppa\/wp-json\/wp\/v2\/comments?post=96883"}],"wp:featuredmedia":[{"embeddable":true,"href":"https:\/\/kauppa.ursa.fi\/kauppa\/wp-json\/wp\/v2\/media\/96850"}],"wp:attachment":[{"href":"https:\/\/kauppa.ursa.fi\/kauppa\/wp-json\/wp\/v2\/media?parent=96883"}],"wp:term":[{"taxonomy":"product_brand","embeddable":true,"href":"https:\/\/kauppa.ursa.fi\/kauppa\/wp-json\/wp\/v2\/product_brand?post=96883"},{"taxonomy":"product_cat","embeddable":true,"href":"https:\/\/kauppa.ursa.fi\/kauppa\/wp-json\/wp\/v2\/product_cat?post=96883"},{"taxonomy":"product_tag","embeddable":true,"href":"https:\/\/kauppa.ursa.fi\/kauppa\/wp-json\/wp\/v2\/product_tag?post=96883"}],"curies":[{"name":"wp","href":"https:\/\/api.w.org\/{rel}","templated":true}]}}