 

{"id":99729,"date":"2024-12-16T15:29:55","date_gmt":"2024-12-16T13:29:55","guid":{"rendered":"https:\/\/kauppa.ursa.fi\/kauppa\/?post_type=product&#038;p=99729"},"modified":"2026-04-08T11:52:38","modified_gmt":"2026-04-08T08:52:38","slug":"heliostar-76ha","status":"publish","type":"product","link":"https:\/\/kauppa.ursa.fi\/kauppa\/tuote\/heliostar-76ha\/","title":{"rendered":"Heliostar-76HA"},"content":{"rendered":"<p>Uusi aurinkokaukoputki Sky-Watcherilta! Kyseess\u00e4 on niin sanottu H-alfa kaukoputki auringon katseluun. Kaukoputki tarjoaa n\u00e4kym\u00e4n aurinkoon 656,28nm aallonpituudella ja vain 0,5 \u00e5ngstr\u00f6min kaistan leveydell\u00e4. T\u00e4m\u00e4 saavutetaan t\u00e4ysin uudella Sky-Watcher Solis-etalon interferometrill\u00e4. Kapea kaistan leveys saavutetaan ilman kallista tupla-etalon rakennetta. Kulmapeili sis\u00e4lt\u00e4\u00e4 ns. &#8221;blocking&#8221;-filtterin turvallisen katselun takaamiseksi. <\/p>\n<p>Auringon kuva polttotasolla on n. 6mm halkaisijaltaan. Jos haluat koko auringon kokoisia kuvia, niin k\u00e4yt\u00e4th\u00e4n v\u00e4hint\u00e4\u00e4n 6mm kokoista kameran kennoa. <\/p>\n","protected":false},"excerpt":{"rendered":"<p>Uutuus! H-alfa aurinkokaukoputki Sky-Watcherilta.<br \/>\n<strong><br \/>\nTILAUSTUOTE!<\/strong><\/p>\n","protected":false},"featured_media":99718,"comment_status":"open","ping_status":"closed","template":"","meta":[],"product_brand":[],"product_cat":[2063,14,2364,7,1871],"product_tag":[],"class_list":{"0":"post-99729","1":"product","2":"type-product","3":"status-publish","4":"has-post-thumbnail","6":"product_cat-auringonpimennys","7":"product_cat-kaukoputket","8":"product_cat-kaukoputket-ja-kiikarit","9":"product_cat-kaukoputkikauppa","10":"product_cat-valokuvaukseen","11":"product_shipping_class-havainto","12":"pa_hintavaihtoehdot-jasenhinta","13":"pa_hintavaihtoehdot-suositushinta","14":"pa_valmistaja-skywatcher","16":"first","17":"instock","18":"taxable","19":"shipping-taxable","20":"purchasable","21":"product-type-variable"},"exclude_global_add_ons":[],"addons":[],"_links":{"self":[{"href":"https:\/\/kauppa.ursa.fi\/kauppa\/wp-json\/wp\/v2\/product\/99729","targetHints":{"allow":["GET"]}}],"collection":[{"href":"https:\/\/kauppa.ursa.fi\/kauppa\/wp-json\/wp\/v2\/product"}],"about":[{"href":"https:\/\/kauppa.ursa.fi\/kauppa\/wp-json\/wp\/v2\/types\/product"}],"replies":[{"embeddable":true,"href":"https:\/\/kauppa.ursa.fi\/kauppa\/wp-json\/wp\/v2\/comments?post=99729"}],"wp:featuredmedia":[{"embeddable":true,"href":"https:\/\/kauppa.ursa.fi\/kauppa\/wp-json\/wp\/v2\/media\/99718"}],"wp:attachment":[{"href":"https:\/\/kauppa.ursa.fi\/kauppa\/wp-json\/wp\/v2\/media?parent=99729"}],"wp:term":[{"taxonomy":"product_brand","embeddable":true,"href":"https:\/\/kauppa.ursa.fi\/kauppa\/wp-json\/wp\/v2\/product_brand?post=99729"},{"taxonomy":"product_cat","embeddable":true,"href":"https:\/\/kauppa.ursa.fi\/kauppa\/wp-json\/wp\/v2\/product_cat?post=99729"},{"taxonomy":"product_tag","embeddable":true,"href":"https:\/\/kauppa.ursa.fi\/kauppa\/wp-json\/wp\/v2\/product_tag?post=99729"}],"curies":[{"name":"wp","href":"https:\/\/api.w.org\/{rel}","templated":true}]}}