 

{"id":99928,"date":"2025-02-04T09:41:59","date_gmt":"2025-02-04T07:41:59","guid":{"rendered":"https:\/\/kauppa.ursa.fi\/kauppa\/?post_type=product&#038;p=99928"},"modified":"2026-03-10T10:15:45","modified_gmt":"2026-03-10T08:15:45","slug":"okulaarisuurennossovite-opfa-iv","status":"publish","type":"product","link":"https:\/\/kauppa.ursa.fi\/kauppa\/tuote\/okulaarisuurennossovite-opfa-iv\/","title":{"rendered":"Okulaarisuurennossovite, OPFA-IV"},"content":{"rendered":"<p>Okulaarisuurennossovite, eli kuvatatsosovite mahdollistaa okulaarin k\u00e4ytt\u00e4misen t\u00e4htivalokuvauksessa kaukoputken ja kameran v\u00e4liss\u00e4.<\/p>\n","protected":false},"excerpt":{"rendered":"<p>Okulaarisuurennossovite kuvaukseen. Molemmiss\u00e4 p\u00e4iss\u00e4 T2-kierteet. Soveltuu 1,25&#8243;-okulaareille.<\/p>\n","protected":false},"featured_media":113717,"comment_status":"open","ping_status":"closed","template":"","meta":[],"product_brand":[],"product_cat":[16,2108],"product_tag":[],"class_list":{"0":"post-99928","1":"product","2":"type-product","3":"status-publish","4":"has-post-thumbnail","6":"product_cat-lisavarusteet","7":"product_cat-uncategorized","8":"product_shipping_class-lisavaruste","9":"pa_hintavaihtoehdot-jasenhinta","10":"pa_hintavaihtoehdot-suositushinta","12":"first","13":"instock","14":"taxable","15":"shipping-taxable","16":"purchasable","17":"product-type-variable"},"exclude_global_add_ons":[],"addons":[],"_links":{"self":[{"href":"https:\/\/kauppa.ursa.fi\/kauppa\/wp-json\/wp\/v2\/product\/99928","targetHints":{"allow":["GET"]}}],"collection":[{"href":"https:\/\/kauppa.ursa.fi\/kauppa\/wp-json\/wp\/v2\/product"}],"about":[{"href":"https:\/\/kauppa.ursa.fi\/kauppa\/wp-json\/wp\/v2\/types\/product"}],"replies":[{"embeddable":true,"href":"https:\/\/kauppa.ursa.fi\/kauppa\/wp-json\/wp\/v2\/comments?post=99928"}],"wp:featuredmedia":[{"embeddable":true,"href":"https:\/\/kauppa.ursa.fi\/kauppa\/wp-json\/wp\/v2\/media\/113717"}],"wp:attachment":[{"href":"https:\/\/kauppa.ursa.fi\/kauppa\/wp-json\/wp\/v2\/media?parent=99928"}],"wp:term":[{"taxonomy":"product_brand","embeddable":true,"href":"https:\/\/kauppa.ursa.fi\/kauppa\/wp-json\/wp\/v2\/product_brand?post=99928"},{"taxonomy":"product_cat","embeddable":true,"href":"https:\/\/kauppa.ursa.fi\/kauppa\/wp-json\/wp\/v2\/product_cat?post=99928"},{"taxonomy":"product_tag","embeddable":true,"href":"https:\/\/kauppa.ursa.fi\/kauppa\/wp-json\/wp\/v2\/product_tag?post=99928"}],"curies":[{"name":"wp","href":"https:\/\/api.w.org\/{rel}","templated":true}]}}